{"id":2446,"date":"2024-08-11T05:58:00","date_gmt":"2024-08-11T05:58:00","guid":{"rendered":"https:\/\/piscine-exterieure.com\/?page_id=2446"},"modified":"2024-08-16T06:56:18","modified_gmt":"2024-08-16T06:56:18","slug":"a-propos","status":"publish","type":"page","link":"https:\/\/piscine-exterieure.com\/pt\/a-propos\/","title":{"rendered":"O que \u00e9 que eu sou?"},"content":{"rendered":"<div class=\"gb-container gb-container-714c8a1b\">\n<div class=\"gb-container gb-container-a1dadea3\">\n<div class=\"gb-container gb-container-e6e4532b\">\n\n<h2 class=\"gb-headline gb-headline-c4946eeb gb-headline-text\">Um entusiasta da piscina<\/h2>\n\n\n\n<p class=\"gb-headline gb-headline-94d1d6f8 gb-headline-text\">Chamo-me Seb e sou um apaixonado pelas piscinas privadas h\u00e1 mais de 15 anos.<\/p>\n\n\n\n<p>Tudo come\u00e7ou quando o meu tio decidiu mandar construir a sua piscina. Fiquei fascinado com o projeto, desde a escolha dos materiais at\u00e9 \u00e0 instala\u00e7\u00e3o final. Mas tamb\u00e9m vi os problemas que ele encontrou: os erros de conce\u00e7\u00e3o, as escolhas mal informadas e os muitos problemas de manuten\u00e7\u00e3o que poderiam ter sido evitados com melhores conselhos. <\/p>\n\n\n\n<p>Esta experi\u00eancia deu-me vontade de saber mais sobre piscinas e, com o tempo, esta curiosidade transformou-se numa verdadeira paix\u00e3o.<br><br>Embora n\u00e3o tenha trabalhado diretamente no sector das piscinas, a minha experi\u00eancia na constru\u00e7\u00e3o permitiu-me compreender bem os aspectos t\u00e9cnicos e os desafios inerentes \u00e0 instala\u00e7\u00e3o de uma piscina privada. <\/p>\n\n\n\n<p>Este site nasceu do desejo de partilhar os meus conhecimentos e ajudar aqueles que embarcam na aventura de construir uma piscina. O meu objetivo \u00e9 tornar o processo o mais simples e agrad\u00e1vel poss\u00edvel, fornecendo-lhe informa\u00e7\u00f5es claras, conselhos pr\u00e1ticos e dicas baseadas na experi\u00eancia.<\/p>\n\n<\/div>\n\n<div class=\"gb-container gb-container-cb3561a9\">\n\n<figure class=\"gb-block-image gb-block-image-6513eeca\"><img decoding=\"async\" class=\"gb-image gb-image-6513eeca\" src=\"https:\/\/piscine-exterieure.com\/wp-content\/uploads\/2022\/10\/mike-giles-IiwYeihxC58-unsplash.jpg\" alt=\"\" title=\"mike-giles-IiwYeihxC58-unsplash\"\/><\/figure>\n\n\n\n<figure class=\"wp-block-image size-full\"><img data-dominant-color=\"4c514d\" data-has-transparency=\"false\" style=\"--dominant-color: #4c514d;\" loading=\"lazy\" decoding=\"async\" width=\"1024\" height=\"1024\" src=\"https:\/\/piscine-exterieure.com\/wp-content\/uploads\/2024\/08\/Sebastien-3.webp\" alt=\"Seb\" class=\"wp-image-2539 not-transparent\" srcset=\"https:\/\/piscine-exterieure.com\/wp-content\/uploads\/2024\/08\/Sebastien-3.webp 1024w, https:\/\/piscine-exterieure.com\/wp-content\/uploads\/2024\/08\/Sebastien-3-300x300.webp 300w, https:\/\/piscine-exterieure.com\/wp-content\/uploads\/2024\/08\/Sebastien-3-150x150.webp 150w, https:\/\/piscine-exterieure.com\/wp-content\/uploads\/2024\/08\/Sebastien-3-768x768.webp 768w\" sizes=\"auto, (max-width: 1024px) 100vw, 1024px\" \/><\/figure>\n\n<\/div>\n<\/div>\n<\/div>","protected":false},"excerpt":{"rendered":"<p>Um entusiasta das piscinas O meu nome \u00e9 Seb e h\u00e1 mais de 15 anos que sou um apaixonado pelas piscinas privadas. Tudo come\u00e7ou quando o meu tio decidiu mandar construir a sua piscina. Fiquei fascinado pelo projeto, desde a escolha dos materiais at\u00e9 \u00e0 instala\u00e7\u00e3o final. Mas tamb\u00e9m vi os problemas com que ele teve de lidar ... <a title=\"O que \u00e9 que eu sou?\" class=\"read-more\" href=\"https:\/\/piscine-exterieure.com\/pt\/a-propos\/\" aria-label=\"Leia mas s\u00f3bria Quem sou eu?\">Ler mais<\/a><\/p>","protected":false},"author":1,"featured_media":0,"parent":0,"menu_order":0,"comment_status":"closed","ping_status":"closed","template":"","meta":{"footnotes":""},"class_list":["post-2446","page","type-page","status-publish"],"yoast_head":"<!-- This site is optimized with the Yoast SEO plugin v27.4 - https:\/\/yoast.com\/product\/yoast-seo-wordpress\/ -->\n<title>Qui suis-je ? - Guide des piscines ext\u00e9rieures<\/title>\n<meta name=\"description\" content=\"Je m&#039;appelle Seb, et je suis passionn\u00e9 par les piscines priv\u00e9es depuis plus de 25 ans.\" \/>\n<meta name=\"robots\" content=\"noindex, nofollow\" \/>\n<meta property=\"og:locale\" content=\"pt_PT\" \/>\n<meta property=\"og:type\" content=\"article\" \/>\n<meta property=\"og:title\" content=\"Qui suis-je ? - Guide des piscines ext\u00e9rieures\" \/>\n<meta property=\"og:description\" content=\"Je m&#039;appelle Seb, et je suis passionn\u00e9 par les piscines priv\u00e9es depuis plus de 25 ans.\" \/>\n<meta property=\"og:url\" content=\"https:\/\/piscine-exterieure.com\/pt\/a-propos\/\" \/>\n<meta property=\"og:site_name\" content=\"Guide des piscines ext\u00e9rieures\" \/>\n<meta property=\"article:publisher\" content=\"https:\/\/www.facebook.com\/profile.php?id=61563576004909\" \/>\n<meta property=\"article:modified_time\" content=\"2024-08-16T06:56:18+00:00\" \/>\n<meta property=\"og:image\" content=\"https:\/\/piscine-exterieure.com\/wp-content\/uploads\/2022\/10\/mike-giles-IiwYeihxC58-unsplash.jpg\" \/>\n<meta name=\"twitter:card\" content=\"summary_large_image\" \/>\n<meta name=\"twitter:label1\" content=\"Tempo estimado de leitura\" \/>\n\t<meta name=\"twitter:data1\" content=\"2 minutos\" \/>\n<script type=\"application\/ld+json\" class=\"yoast-schema-graph\">{\"@context\":\"https:\\\/\\\/schema.org\",\"@graph\":[{\"@type\":\"WebPage\",\"@id\":\"https:\\\/\\\/piscine-exterieure.com\\\/a-propos\\\/\",\"url\":\"https:\\\/\\\/piscine-exterieure.com\\\/a-propos\\\/\",\"name\":\"Qui suis-je ? - Guide des piscines ext\u00e9rieures\",\"isPartOf\":{\"@id\":\"https:\\\/\\\/piscine-exterieure.com\\\/#website\"},\"primaryImageOfPage\":{\"@id\":\"https:\\\/\\\/piscine-exterieure.com\\\/a-propos\\\/#primaryimage\"},\"image\":{\"@id\":\"https:\\\/\\\/piscine-exterieure.com\\\/a-propos\\\/#primaryimage\"},\"thumbnailUrl\":\"https:\\\/\\\/piscine-exterieure.com\\\/wp-content\\\/uploads\\\/2022\\\/10\\\/mike-giles-IiwYeihxC58-unsplash.jpg\",\"datePublished\":\"2024-08-11T05:58:00+00:00\",\"dateModified\":\"2024-08-16T06:56:18+00:00\",\"description\":\"Je m'appelle Seb, et je suis passionn\u00e9 par les piscines priv\u00e9es depuis plus de 25 ans.\",\"breadcrumb\":{\"@id\":\"https:\\\/\\\/piscine-exterieure.com\\\/a-propos\\\/#breadcrumb\"},\"inLanguage\":\"pt-PT\",\"potentialAction\":[{\"@type\":\"ReadAction\",\"target\":[\"https:\\\/\\\/piscine-exterieure.com\\\/a-propos\\\/\"]}]},{\"@type\":\"ImageObject\",\"inLanguage\":\"pt-PT\",\"@id\":\"https:\\\/\\\/piscine-exterieure.com\\\/a-propos\\\/#primaryimage\",\"url\":\"https:\\\/\\\/piscine-exterieure.com\\\/wp-content\\\/uploads\\\/2022\\\/10\\\/mike-giles-IiwYeihxC58-unsplash.jpg\",\"contentUrl\":\"https:\\\/\\\/piscine-exterieure.com\\\/wp-content\\\/uploads\\\/2022\\\/10\\\/mike-giles-IiwYeihxC58-unsplash.jpg\"},{\"@type\":\"BreadcrumbList\",\"@id\":\"https:\\\/\\\/piscine-exterieure.com\\\/a-propos\\\/#breadcrumb\",\"itemListElement\":[{\"@type\":\"ListItem\",\"position\":1,\"name\":\"Accueil\",\"item\":\"https:\\\/\\\/piscine-exterieure.com\\\/\"},{\"@type\":\"ListItem\",\"position\":2,\"name\":\"Qui suis-je ?\"}]},{\"@type\":\"WebSite\",\"@id\":\"https:\\\/\\\/piscine-exterieure.com\\\/#website\",\"url\":\"https:\\\/\\\/piscine-exterieure.com\\\/\",\"name\":\"Guide des piscines ext\u00e9rieures\",\"description\":\"\",\"publisher\":{\"@id\":\"https:\\\/\\\/piscine-exterieure.com\\\/#organization\"},\"potentialAction\":[{\"@type\":\"SearchAction\",\"target\":{\"@type\":\"EntryPoint\",\"urlTemplate\":\"https:\\\/\\\/piscine-exterieure.com\\\/?s={search_term_string}\"},\"query-input\":{\"@type\":\"PropertyValueSpecification\",\"valueRequired\":true,\"valueName\":\"search_term_string\"}}],\"inLanguage\":\"pt-PT\"},{\"@type\":\"Organization\",\"@id\":\"https:\\\/\\\/piscine-exterieure.com\\\/#organization\",\"name\":\"Guide des piscines ext\u00e9rieures\",\"url\":\"https:\\\/\\\/piscine-exterieure.com\\\/\",\"logo\":{\"@type\":\"ImageObject\",\"inLanguage\":\"pt-PT\",\"@id\":\"https:\\\/\\\/piscine-exterieure.com\\\/#\\\/schema\\\/logo\\\/image\\\/\",\"url\":\"https:\\\/\\\/piscine-exterieure.com\\\/wp-content\\\/uploads\\\/2024\\\/08\\\/cropped-Site-Piscine-Exterieure.webp\",\"contentUrl\":\"https:\\\/\\\/piscine-exterieure.com\\\/wp-content\\\/uploads\\\/2024\\\/08\\\/cropped-Site-Piscine-Exterieure.webp\",\"width\":253,\"height\":123,\"caption\":\"Guide des piscines ext\u00e9rieures\"},\"image\":{\"@id\":\"https:\\\/\\\/piscine-exterieure.com\\\/#\\\/schema\\\/logo\\\/image\\\/\"},\"sameAs\":[\"https:\\\/\\\/www.facebook.com\\\/profile.php?id=61563576004909\",\"https:\\\/\\\/www.tiktok.com\\\/@piscine_exterieure\",\"https:\\\/\\\/www.youtube.com\\\/channel\\\/UCuQfJxfPxOrAeyx_qOBFupg\"]}]}<\/script>\n<!-- \/ Yoast SEO plugin. -->","yoast_head_json":{"title":"Quem sou eu - Guia das piscinas exteriores","description":"Chamo-me Seb e sou um apaixonado pelas piscinas privadas h\u00e1 mais de 25 anos.","robots":{"index":"noindex","follow":"nofollow"},"og_locale":"pt_PT","og_type":"article","og_title":"Qui suis-je ? - Guide des piscines ext\u00e9rieures","og_description":"Je m'appelle Seb, et je suis passionn\u00e9 par les piscines priv\u00e9es depuis plus de 25 ans.","og_url":"https:\/\/piscine-exterieure.com\/pt\/a-propos\/","og_site_name":"Guide des piscines ext\u00e9rieures","article_publisher":"https:\/\/www.facebook.com\/profile.php?id=61563576004909","article_modified_time":"2024-08-16T06:56:18+00:00","og_image":[{"url":"https:\/\/piscine-exterieure.com\/wp-content\/uploads\/2022\/10\/mike-giles-IiwYeihxC58-unsplash.jpg","type":"","width":"","height":""}],"twitter_card":"summary_large_image","twitter_misc":{"Tempo estimado de leitura":"2 minutos"},"schema":{"@context":"https:\/\/schema.org","@graph":[{"@type":"WebPage","@id":"https:\/\/piscine-exterieure.com\/a-propos\/","url":"https:\/\/piscine-exterieure.com\/a-propos\/","name":"Quem sou eu - Guia das piscinas exteriores","isPartOf":{"@id":"https:\/\/piscine-exterieure.com\/#website"},"primaryImageOfPage":{"@id":"https:\/\/piscine-exterieure.com\/a-propos\/#primaryimage"},"image":{"@id":"https:\/\/piscine-exterieure.com\/a-propos\/#primaryimage"},"thumbnailUrl":"https:\/\/piscine-exterieure.com\/wp-content\/uploads\/2022\/10\/mike-giles-IiwYeihxC58-unsplash.jpg","datePublished":"2024-08-11T05:58:00+00:00","dateModified":"2024-08-16T06:56:18+00:00","description":"Chamo-me Seb e sou um apaixonado pelas piscinas privadas h\u00e1 mais de 25 anos.","breadcrumb":{"@id":"https:\/\/piscine-exterieure.com\/a-propos\/#breadcrumb"},"inLanguage":"pt-PT","potentialAction":[{"@type":"ReadAction","target":["https:\/\/piscine-exterieure.com\/a-propos\/"]}]},{"@type":"ImageObject","inLanguage":"pt-PT","@id":"https:\/\/piscine-exterieure.com\/a-propos\/#primaryimage","url":"https:\/\/piscine-exterieure.com\/wp-content\/uploads\/2022\/10\/mike-giles-IiwYeihxC58-unsplash.jpg","contentUrl":"https:\/\/piscine-exterieure.com\/wp-content\/uploads\/2022\/10\/mike-giles-IiwYeihxC58-unsplash.jpg"},{"@type":"BreadcrumbList","@id":"https:\/\/piscine-exterieure.com\/a-propos\/#breadcrumb","itemListElement":[{"@type":"ListItem","position":1,"name":"Accueil","item":"https:\/\/piscine-exterieure.com\/"},{"@type":"ListItem","position":2,"name":"Qui suis-je ?"}]},{"@type":"WebSite","@id":"https:\/\/piscine-exterieure.com\/#website","url":"https:\/\/piscine-exterieure.com\/","name":"Guia de piscinas exteriores","description":"","publisher":{"@id":"https:\/\/piscine-exterieure.com\/#organization"},"potentialAction":[{"@type":"SearchAction","target":{"@type":"EntryPoint","urlTemplate":"https:\/\/piscine-exterieure.com\/?s={search_term_string}"},"query-input":{"@type":"PropertyValueSpecification","valueRequired":true,"valueName":"search_term_string"}}],"inLanguage":"pt-PT"},{"@type":"Organization","@id":"https:\/\/piscine-exterieure.com\/#organization","name":"Guia de piscinas exteriores","url":"https:\/\/piscine-exterieure.com\/","logo":{"@type":"ImageObject","inLanguage":"pt-PT","@id":"https:\/\/piscine-exterieure.com\/#\/schema\/logo\/image\/","url":"https:\/\/piscine-exterieure.com\/wp-content\/uploads\/2024\/08\/cropped-Site-Piscine-Exterieure.webp","contentUrl":"https:\/\/piscine-exterieure.com\/wp-content\/uploads\/2024\/08\/cropped-Site-Piscine-Exterieure.webp","width":253,"height":123,"caption":"Guide des piscines ext\u00e9rieures"},"image":{"@id":"https:\/\/piscine-exterieure.com\/#\/schema\/logo\/image\/"},"sameAs":["https:\/\/www.facebook.com\/profile.php?id=61563576004909","https:\/\/www.tiktok.com\/@piscine_exterieure","https:\/\/www.youtube.com\/channel\/UCuQfJxfPxOrAeyx_qOBFupg"]}]}},"_links":{"self":[{"href":"https:\/\/piscine-exterieure.com\/pt\/wp-json\/wp\/v2\/pages\/2446","targetHints":{"allow":["GET"]}}],"collection":[{"href":"https:\/\/piscine-exterieure.com\/pt\/wp-json\/wp\/v2\/pages"}],"about":[{"href":"https:\/\/piscine-exterieure.com\/pt\/wp-json\/wp\/v2\/types\/page"}],"author":[{"embeddable":true,"href":"https:\/\/piscine-exterieure.com\/pt\/wp-json\/wp\/v2\/users\/1"}],"replies":[{"embeddable":true,"href":"https:\/\/piscine-exterieure.com\/pt\/wp-json\/wp\/v2\/comments?post=2446"}],"version-history":[{"count":5,"href":"https:\/\/piscine-exterieure.com\/pt\/wp-json\/wp\/v2\/pages\/2446\/revisions"}],"predecessor-version":[{"id":2540,"href":"https:\/\/piscine-exterieure.com\/pt\/wp-json\/wp\/v2\/pages\/2446\/revisions\/2540"}],"wp:attachment":[{"href":"https:\/\/piscine-exterieure.com\/pt\/wp-json\/wp\/v2\/media?parent=2446"}],"curies":[{"name":"wp","href":"https:\/\/api.w.org\/{rel}","templated":true}]}}