{"id":2159,"date":"2024-07-18T06:26:01","date_gmt":"2024-07-18T06:26:01","guid":{"rendered":"https:\/\/piscine-exterieure.com\/?page_id=2159"},"modified":"2024-08-16T06:52:46","modified_gmt":"2024-08-16T06:52:46","slug":"fases-da-construcao-da-piscina","status":"publish","type":"page","link":"https:\/\/piscine-exterieure.com\/pt\/etapes-construction-piscine\/","title":{"rendered":"Instalar a sua piscina"},"content":{"rendered":"<div class=\"gb-container gb-container-ee5cdefe\">\n<div class=\"gb-container gb-container-3d60e316\">\n<div class=\"gb-container gb-container-b2455803\">\n\n<div class=\"wp-block-cover\"><span aria-hidden=\"true\" class=\"wp-block-cover__background has-background-dim\" style=\"background-color:#5a736b\"><\/span><img data-dominant-color=\"465847\" data-has-transparency=\"false\" style=\"--dominant-color: #465847;\" loading=\"lazy\" decoding=\"async\" width=\"1280\" height=\"720\" class=\"wp-block-cover__image-background wp-image-2534 not-transparent\" alt=\"Constru\u00e7\u00e3o e instala\u00e7\u00e3o de piscinas\" src=\"https:\/\/piscine-exterieure.com\/wp-content\/uploads\/2024\/08\/Etapes-installation-piscine-3.webp\" data-object-fit=\"cover\" srcset=\"https:\/\/piscine-exterieure.com\/wp-content\/uploads\/2024\/08\/Etapes-installation-piscine-3.webp 1280w, https:\/\/piscine-exterieure.com\/wp-content\/uploads\/2024\/08\/Etapes-installation-piscine-3-300x169.webp 300w, https:\/\/piscine-exterieure.com\/wp-content\/uploads\/2024\/08\/Etapes-installation-piscine-3-1024x576.webp 1024w, https:\/\/piscine-exterieure.com\/wp-content\/uploads\/2024\/08\/Etapes-installation-piscine-3-768x432.webp 768w\" sizes=\"auto, (max-width: 1280px) 100vw, 1280px\" \/><div class=\"wp-block-cover__inner-container is-layout-flow wp-block-cover-is-layout-flow\">\n<p class=\"has-text-align-center has-large-font-size\">Come\u00e7ar bem o seu projeto de piscina<\/p>\n<\/div><\/div>\n\n\n\n<p><\/p>\n\n\n\n<div class=\"gb-headline gb-headline-98068e6d gb-headline-text\">Conce\u00e7\u00e3o e planeamento<\/div>\n\n<\/div>\n<\/div>\n\n\n<p class=\"gb-headline gb-headline-7972dccd gb-headline-text\">Definir as suas necessidades \u00e9 o primeiro passo para garantir o sucesso do seu projeto de piscina. Pense nas <strong>tamanho<\/strong>o <strong>forma <\/strong>e <strong>profundidade<\/strong> que melhor se adapte \u00e0s suas necessidades e ao espa\u00e7o dispon\u00edvel. Equipamentos como <strong>aquecimento<\/strong>, <strong>ilumina\u00e7\u00e3o <\/strong>e o <strong>filtragem<\/strong>Estes factores tamb\u00e9m devem ser tidos em conta desde o in\u00edcio.<\/p>\n\n\n\n<p>O passo seguinte consiste em elaborar um <strong>plano pormenorizado<\/strong> com um <strong>construtor de piscinas <\/strong>ou um <strong>pedreiro<\/strong>. Este plano deve incluir todos os <strong>dimens\u00f5es <\/strong>a piscina, <strong>localiza\u00e7\u00e3o <\/strong>no seu jardim, bem como o <strong>sistema hidr\u00e1ulico<\/strong> e <strong>el\u00e9trico <\/strong>necess\u00e1rios para o seu correto funcionamento. Todos os pormenores s\u00e3o importantes para evitar complica\u00e7\u00f5es ao longo do percurso.<\/p>\n\n\n\n<p><br>Obten\u00e7\u00e3o <strong>autoriza\u00e7\u00f5es administrativas<\/strong> \u00e9 outro passo essencial. Consoante a sua localiza\u00e7\u00e3o, poder\u00e1 ter de consultar os regulamentos locais e apresentar os seus planos \u00e0s autoridades competentes. N\u00e3o negligencie esta fase se quiser evitar atrasos ou poss\u00edveis san\u00e7\u00f5es. Esta fase pode demorar entre 1 e 2 meses, consoante os prazos administrativos.<\/p>\n\n\n\n<p><br>O planeamento cuidadoso destes elementos estabelecer\u00e1 uma base s\u00f3lida para o resto do projeto. Uma vez conclu\u00edda esta fase, pode enfrentar o trabalho preparat\u00f3rio com toda a tranquilidade, com uma vis\u00e3o clara do que est\u00e1 para vir.<\/p>\n\n\n\n<div class=\"gb-headline gb-headline-4dddca7d gb-headline-text\">Trabalhos preparat\u00f3rios<\/div>\n\n\n\n<h2 class=\"wp-block-heading\">Colocar os alicerces da sua piscina<\/h2>\n\n\n\n<p>Os trabalhos de prepara\u00e7\u00e3o s\u00e3o uma fase importante na constru\u00e7\u00e3o da sua piscina. \u00c9 essencial marcar com exatid\u00e3o os<strong>localiza\u00e7\u00e3o da piscina<\/strong> no terreno. Esta demarca\u00e7\u00e3o garante que nenhum obst\u00e1culo se interponha no caminho dos trabalhos futuros. Esta fase demora geralmente 1 a 2 dias.<\/p>\n\n\n\n<p>Uma vez marcada a localiza\u00e7\u00e3o, pode prosseguir com a <strong>terraplanagem<\/strong>t e<strong>escava\u00e7\u00e3o<\/strong>. Esta fase consiste em escavar nas dimens\u00f5es indicadas nos planos, respeitando as profundidades e as formas definidas. Tamb\u00e9m ser\u00e1 necess\u00e1rio tratar a terra escavada, uma vez que qualquer escava\u00e7\u00e3o produzir\u00e1 uma quantidade significativa de terra que ter\u00e1 de ser removida. Esta fase requer cerca de 3 a 5 dias, consoante a dimens\u00e3o e a complexidade do s\u00edtio.<\/p>\n\n\n\n<p>La <strong>prepara\u00e7\u00e3o do solo<\/strong> \u00e9 igualmente importante. Ap\u00f3s a escava\u00e7\u00e3o, o <strong>o terreno deve ser nivelado<\/strong> cuidadosamente para garantir uma base s\u00f3lida e est\u00e1vel. Se necess\u00e1rio, podem ser acrescentados materiais adicionais para preencher eventuais lacunas ou refor\u00e7ar a estrutura. Esta fase pode demorar mais 2 a 3 dias.<\/p>\n\n\n\n<p>Estes trabalhos preliminares, embora t\u00e9cnicos, lan\u00e7am as bases da futura piscina. Uma prepara\u00e7\u00e3o cuidadosa garante a estabilidade e a durabilidade da futura estrutura.<\/p>\n\n\n\n<div class=\"gb-headline gb-headline-746017dd gb-headline-text\">Constru\u00e7\u00e3o da piscina<\/div>\n\n\n\n<h2 class=\"wp-block-heading\">A sua piscina come\u00e7a a ganhar forma<\/h2>\n\n\n\n<p>A constru\u00e7\u00e3o da piscina \u00e9 a fase em que a sua piscina come\u00e7a a tomar forma concreta. A primeira fase consiste em <strong>verter o invertido<\/strong>por outras palavras <strong>laje de fundo<\/strong>. Esta base de bet\u00e3o assegura a estabilidade de toda a estrutura. Para esta opera\u00e7\u00e3o, \u00e9 indispens\u00e1vel a utiliza\u00e7\u00e3o de um <strong>bet\u00e3o de alta qualidade<\/strong> e as propor\u00e7\u00f5es devem ser cuidadosamente respeitadas para garantir uma resist\u00eancia \u00f3ptima. Esta fase dura geralmente 2 a 3 dias.<\/p>\n\n\n\n<p>Em seguida, o <strong>paredes do tanque<\/strong>. Consoante o material escolhido, pode tratar-se de <strong>bet\u00e3o vazado<\/strong>de <strong>pain\u00e9is pr\u00e9-fabricados<\/strong> ou mesmo <strong>blocos de cofragem<\/strong>. Uma vez colocadas as paredes, \u00e9 necess\u00e1rio reboc\u00e1-las para obter uma <strong>superf\u00edcie lisa e homog\u00e9nea<\/strong>. Este reboco tamb\u00e9m protege as paredes e prepara-as para a instala\u00e7\u00e3o do sistema de impermeabiliza\u00e7\u00e3o. A constru\u00e7\u00e3o e o reboco das paredes podem demorar cerca de 1 a 2 semanas.<\/p>\n\n\n\n<p>L'<strong>impermeabiliza\u00e7\u00e3o<\/strong> garante a durabilidade da sua piscina. As op\u00e7\u00f5es s\u00e3o m\u00faltiplas: <strong>forro<\/strong>a <strong>membrana refor\u00e7ada<\/strong> ou um <strong>resina espec\u00edfica<\/strong>. A veda\u00e7\u00e3o correta evita <strong>fugas <\/strong>e <strong>entrada de \u00e1gua<\/strong>. Esta fase pode demorar 3 a 5 dias.<\/p>\n\n\n\n<p>A introdu\u00e7\u00e3o de <strong>tubos<\/strong> e <strong>equipamento t\u00e9cnico<\/strong> completa esta fase. Trata-se de instalar o <strong>escumadeiras<\/strong>o <strong>bicos de distribui\u00e7\u00e3o<\/strong>o <strong>suportes para escovas<\/strong>e todos os tubos necess\u00e1rios para o bom funcionamento do sistema de filtragem. Visitar <strong>sala de m\u00e1quinas<\/strong>situado ao lado da piscina, acolher\u00e1 o <strong>bomba<\/strong>a <strong>filtro <\/strong>e possivelmente o <strong>sistema de aquecimento<\/strong>. Esta fase pode demorar cerca de uma semana.<\/p>\n\n\n\n<p>Uma vez conclu\u00eddas estas etapas, a sua piscina est\u00e1 pronta para receber os acabamentos que lhe dar\u00e3o todo o seu brilho. Uma constru\u00e7\u00e3o cuidadosa e met\u00f3dica garante uma piscina robusta e funcional, pronta para proporcionar anos de prazer aqu\u00e1tico.<\/p>\n\n\n\n<div class=\"gb-headline gb-headline-2751bd18 gb-headline-text\">Acabamentos e acess\u00f3rios<\/div>\n\n\n\n<h2 class=\"wp-block-heading\">O toque final para a sua piscina<\/h2>\n\n\n\n<p>O <strong>acabamentos <\/strong>e <strong>desenvolvimento <\/strong>da sua piscina s\u00e3o as etapas em que ela passa de um projeto a uma realidade tang\u00edvel e est\u00e9tica. A primeira tarefa consiste em <strong>cobrir as paredes interiores<\/strong> com o revestimento que escolheu. Azulejo, mosaico, forro... cada material d\u00e1 um toque \u00fanico e deve ser colocado com cuidado para garantir uma veda\u00e7\u00e3o perfeita e um acabamento est\u00e9tico impec\u00e1vel. Esta fase demora geralmente 1 a 2 semanas.<\/p>\n\n\n\n<p>Ao mesmo tempo <strong>instala\u00e7\u00f5es exteriores<\/strong> est\u00e3o a ser implementadas. A cria\u00e7\u00e3o de <strong>praias<\/strong> e <strong>terra\u00e7os <\/strong>\u00c0 volta da piscina, pode definir espa\u00e7os de relaxamento e de conv\u00edvio. Escolher <strong>materiais duradouros<\/strong> e <strong>antiderrapante<\/strong> para estes dom\u00ednios \u00e9 essencial para garantir <strong>seguran\u00e7a <\/strong>e <strong>longevidade<\/strong>. O paisagismo \u00e0 volta da piscina d\u00e1 uma dimens\u00e3o suplementar ao seu espa\u00e7o exterior, integrando harmoniosamente a piscina na sua envolvente. Esta fase pode demorar cerca de 2 a 4 semanas.<\/p>\n\n\n\n<p>O <strong>liga\u00e7\u00f5es el\u00e9ctricas<\/strong> e <strong>hidr\u00e1ulico <\/strong>s\u00e3o etapas t\u00e9cnicas essenciais. Incluem a liga\u00e7\u00e3o de todos os equipamentos necess\u00e1rios ao bom funcionamento da piscina: <strong>sistema de filtragem<\/strong>, <strong>aquecimento<\/strong>, <strong>ilumina\u00e7\u00e3o<\/strong>e eventualmente <a href=\"https:\/\/piscine-exterieure.com\/pt\/acessorios-para-piscinas\/\">acess\u00f3rios para piscinas<\/a> tais como jactos de massagem ou sistemas de nata\u00e7\u00e3o em contracorrente. Cada liga\u00e7\u00e3o deve ser efectuada em conformidade com as normas de seguran\u00e7a para evitar qualquer risco de mau funcionamento ou acidente. Esta fase pode demorar cerca de 1 semana.<\/p>\n\n\n\n<p>Ent\u00e3o \u00e9 altura de <strong>encher a piscina de \u00e1gua<\/strong> e <strong>verificar se h\u00e1 fugas.<\/strong> Esta etapa \u00e9 simultaneamente t\u00e9cnica e simb\u00f3lica, marcando o in\u00edcio da coloca\u00e7\u00e3o em funcionamento da sua piscina. \u00c9 importante testar todos os equipamentos para verificar o seu bom funcionamento e, se necess\u00e1rio, ajustar as configura\u00e7\u00f5es. Esta fase pode durar 2 a 3 dias.<\/p>\n\n\n\n<p>Para completar a instala\u00e7\u00e3o, \u00e9 instalado equipamento adicional. Este pode incluir sistemas de filtra\u00e7\u00e3o avan\u00e7ados, dispositivos de aquecimento para prolongar a \u00e9poca de nata\u00e7\u00e3o ou op\u00e7\u00f5es de limpeza automatizadas para facilitar a manuten\u00e7\u00e3o di\u00e1ria da sua piscina. Esta fase pode demorar cerca de 1 a 2 dias.<\/p>\n\n\n\n<p>Com estes acabamentos e equipamentos, a sua piscina est\u00e1 pronta a ser utilizada! Cada pormenor conta para criar um ambiente agrad\u00e1vel e seguro, onde se podem encontrar e desfrutar do bom tempo.<\/p>\n\n\n\n<div class=\"gb-headline gb-headline-39c83542 gb-headline-text\">Coloca\u00e7\u00e3o em funcionamento e manuten\u00e7\u00e3o<\/div>\n\n\n\n<h2 class=\"wp-block-heading\">A sua piscina est\u00e1 pronta, mas n\u00e3o se esque\u00e7a de a cuidar!<\/h2>\n\n\n\n<p>La <strong>coloca\u00e7\u00e3o em funcionamento da piscina<\/strong> marca o fim dos trabalhos de constru\u00e7\u00e3o e o in\u00edcio da sua utiliza\u00e7\u00e3o. Esta fase come\u00e7a com a <strong>encher a piscina<\/strong>. A \u00e1gua deve ser adicionada gradualmente, controlando o n\u00edvel e a estanquicidade. Quando a piscina estiver cheia, \u00e9 necess\u00e1rio testar todos os equipamentos: filtra\u00e7\u00e3o, aquecimento e dispositivos de seguran\u00e7a. Cada elemento deve funcionar corretamente para que a piscina seja utilizada em todo o seu potencial. Este controlo completo pode demorar cerca de 4 a 6 horas.<\/p>\n\n\n\n<p>Em seguida, o<strong>equil\u00edbrio da \u00e1gua<\/strong> \u00e9 um passo fundamental. Trata-se de verificar e ajustar o pH, a alcalinidade e a dureza da \u00e1gua para evitar <strong>forma\u00e7\u00e3o de algas<\/strong> e <strong>dep\u00f3sitos calc\u00e1rios<\/strong>. Um bom tratamento qu\u00edmico \u00e9 essencial para manter a sua \u00e1gua limpa e saud\u00e1vel. Utilizar produtos de qualidade e respeitar as dosagens recomendadas prolongar\u00e1 a vida da sua piscina e do seu equipamento. Esta fase inicial pode demorar 2 a 3 horas, seguida de controlos semanais regulares que duram cerca de 1 hora.<\/p>\n\n\n\n<p>L'<strong>manuten\u00e7\u00e3o regular da piscina<\/strong> \u00e9 essencial para garantir a sua longevidade. Isto inclui a limpeza das paredes e do fundo, o esvaziamento dos skimmers e dos cestos das bombas e a monitoriza\u00e7\u00e3o cont\u00ednua dos par\u00e2metros da \u00e1gua. A limpeza semanal com ferramentas apropriadas, como aspiradores de piscina ou aspiradores rob\u00f3ticos, torna esta tarefa muito mais f\u00e1cil. Reserve cerca de 2 horas por semana para uma manuten\u00e7\u00e3o completa.<\/p>\n\n\n\n<p>La <strong>gest\u00e3o dos equipamentos de filtragem e de aquecimento<\/strong> tamb\u00e9m requer uma aten\u00e7\u00e3o especial. Os filtros t\u00eam de ser limpos regularmente para evitar entupimentos e garantir uma circula\u00e7\u00e3o eficiente da \u00e1gua. Os sistemas de aquecimento, quer sejam solares, el\u00e9ctricos ou a g\u00e1s, t\u00eam de ser verificados regularmente para garantir que est\u00e3o a funcionar com a m\u00e1xima efici\u00eancia. Um controlo mensal destes sistemas pode demorar cerca de 1 a 2 horas.<\/p>\n\n\n\n<p>O <strong>dispositivos de seguran\u00e7a<\/strong>cercas de piscina, coberturas de piscina e alarmes de piscina, devem ser <strong>manuten\u00e7\u00e3o e testes regulares<\/strong> para garantir a seguran\u00e7a dos utilizadores, especialmente das crian\u00e7as. Verificar se est\u00e3o em bom estado e a funcionar corretamente \u00e9 uma responsabilidade que n\u00e3o deve ser negligenciada. Isto pode ser feito em 1 hora todos os meses.<\/p>\n\n\n\n<p>A manuten\u00e7\u00e3o da piscina pode parecer restritiva, mas com uma rotina bem estabelecida, torna-se um h\u00e1bito f\u00e1cil de manter. Uma boa manuten\u00e7\u00e3o garante uma \u00e1gua cristalina e uma piscina sempre pronta a ser utilizada!<\/p>\n\n<\/div>","protected":false},"excerpt":{"rendered":"<p>Conce\u00e7\u00e3o e planeamento A defini\u00e7\u00e3o das suas necessidades \u00e9 o primeiro passo para garantir o sucesso do seu projeto de piscina. Pense no tamanho, na forma e na profundidade que melhor se adaptam \u00e0s suas necessidades e ao espa\u00e7o dispon\u00edvel. O equipamento, como o aquecimento, a ilumina\u00e7\u00e3o e a filtragem, tamb\u00e9m deve ser considerado ... <a title=\"Instalar a sua piscina\" class=\"read-more\" href=\"https:\/\/piscine-exterieure.com\/pt\/etapes-construction-piscine\/\" aria-label=\"Leia mas s\u00f3brio Passos para instalar a sua piscina\">Ler mais<\/a><\/p>","protected":false},"author":1,"featured_media":0,"parent":0,"menu_order":0,"comment_status":"closed","ping_status":"closed","template":"","meta":{"footnotes":""},"class_list":["post-2159","page","type-page","status-publish"],"yoast_head":"<!-- This site is optimized with the Yoast SEO plugin v27.4 - https:\/\/yoast.com\/product\/yoast-seo-wordpress\/ -->\n<title>Etapes et d\u00e9lais de construction et installation de votre piscine<\/title>\n<meta name=\"description\" content=\"La planification rigoureuse de la construction de votre piscine permet de poser des bases solides pour la suite du projet.\" \/>\n<meta name=\"robots\" content=\"index, follow, max-snippet:-1, max-image-preview:large, max-video-preview:-1\" \/>\n<link rel=\"canonical\" href=\"https:\/\/piscine-exterieure.com\/pt\/fases-da-construcao-da-piscina\/\" \/>\n<meta property=\"og:locale\" content=\"pt_PT\" \/>\n<meta property=\"og:type\" content=\"article\" \/>\n<meta property=\"og:title\" content=\"Etapes et d\u00e9lais de construction et installation de votre piscine\" \/>\n<meta property=\"og:description\" content=\"La planification rigoureuse de la construction de votre piscine permet de poser des bases solides pour la suite du projet.\" \/>\n<meta property=\"og:url\" content=\"https:\/\/piscine-exterieure.com\/pt\/fases-da-construcao-da-piscina\/\" \/>\n<meta property=\"og:site_name\" content=\"Guide des piscines ext\u00e9rieures\" \/>\n<meta property=\"article:publisher\" content=\"https:\/\/www.facebook.com\/profile.php?id=61563576004909\" \/>\n<meta property=\"article:modified_time\" content=\"2024-08-16T06:52:46+00:00\" \/>\n<meta property=\"og:image\" content=\"https:\/\/piscine-exterieure.com\/wp-content\/uploads\/2024\/08\/Etapes-installation-piscine-3.webp\" \/>\n<meta name=\"twitter:card\" content=\"summary_large_image\" \/>\n<meta name=\"twitter:label1\" content=\"Tempo estimado de leitura\" \/>\n\t<meta name=\"twitter:data1\" content=\"8 minutos\" \/>\n<script type=\"application\/ld+json\" class=\"yoast-schema-graph\">{\"@context\":\"https:\\\/\\\/schema.org\",\"@graph\":[{\"@type\":\"WebPage\",\"@id\":\"https:\\\/\\\/piscine-exterieure.com\\\/etapes-construction-piscine\\\/\",\"url\":\"https:\\\/\\\/piscine-exterieure.com\\\/etapes-construction-piscine\\\/\",\"name\":\"Etapes et d\u00e9lais de construction et installation de votre piscine\",\"isPartOf\":{\"@id\":\"https:\\\/\\\/piscine-exterieure.com\\\/#website\"},\"primaryImageOfPage\":{\"@id\":\"https:\\\/\\\/piscine-exterieure.com\\\/etapes-construction-piscine\\\/#primaryimage\"},\"image\":{\"@id\":\"https:\\\/\\\/piscine-exterieure.com\\\/etapes-construction-piscine\\\/#primaryimage\"},\"thumbnailUrl\":\"https:\\\/\\\/piscine-exterieure.com\\\/wp-content\\\/uploads\\\/2024\\\/08\\\/Etapes-installation-piscine-3.webp\",\"datePublished\":\"2024-07-18T06:26:01+00:00\",\"dateModified\":\"2024-08-16T06:52:46+00:00\",\"description\":\"La planification rigoureuse de la construction de votre piscine permet de poser des bases solides pour la suite du projet.\",\"breadcrumb\":{\"@id\":\"https:\\\/\\\/piscine-exterieure.com\\\/etapes-construction-piscine\\\/#breadcrumb\"},\"inLanguage\":\"pt-PT\",\"potentialAction\":[{\"@type\":\"ReadAction\",\"target\":[\"https:\\\/\\\/piscine-exterieure.com\\\/etapes-construction-piscine\\\/\"]}]},{\"@type\":\"ImageObject\",\"inLanguage\":\"pt-PT\",\"@id\":\"https:\\\/\\\/piscine-exterieure.com\\\/etapes-construction-piscine\\\/#primaryimage\",\"url\":\"https:\\\/\\\/piscine-exterieure.com\\\/wp-content\\\/uploads\\\/2024\\\/08\\\/Etapes-installation-piscine-3.webp\",\"contentUrl\":\"https:\\\/\\\/piscine-exterieure.com\\\/wp-content\\\/uploads\\\/2024\\\/08\\\/Etapes-installation-piscine-3.webp\"},{\"@type\":\"BreadcrumbList\",\"@id\":\"https:\\\/\\\/piscine-exterieure.com\\\/etapes-construction-piscine\\\/#breadcrumb\",\"itemListElement\":[{\"@type\":\"ListItem\",\"position\":1,\"name\":\"Accueil\",\"item\":\"https:\\\/\\\/piscine-exterieure.com\\\/\"},{\"@type\":\"ListItem\",\"position\":2,\"name\":\"Etapes d&rsquo;installation de votre piscine\"}]},{\"@type\":\"WebSite\",\"@id\":\"https:\\\/\\\/piscine-exterieure.com\\\/#website\",\"url\":\"https:\\\/\\\/piscine-exterieure.com\\\/\",\"name\":\"Guide des piscines ext\u00e9rieures\",\"description\":\"\",\"publisher\":{\"@id\":\"https:\\\/\\\/piscine-exterieure.com\\\/#organization\"},\"potentialAction\":[{\"@type\":\"SearchAction\",\"target\":{\"@type\":\"EntryPoint\",\"urlTemplate\":\"https:\\\/\\\/piscine-exterieure.com\\\/?s={search_term_string}\"},\"query-input\":{\"@type\":\"PropertyValueSpecification\",\"valueRequired\":true,\"valueName\":\"search_term_string\"}}],\"inLanguage\":\"pt-PT\"},{\"@type\":\"Organization\",\"@id\":\"https:\\\/\\\/piscine-exterieure.com\\\/#organization\",\"name\":\"Guide des piscines ext\u00e9rieures\",\"url\":\"https:\\\/\\\/piscine-exterieure.com\\\/\",\"logo\":{\"@type\":\"ImageObject\",\"inLanguage\":\"pt-PT\",\"@id\":\"https:\\\/\\\/piscine-exterieure.com\\\/#\\\/schema\\\/logo\\\/image\\\/\",\"url\":\"https:\\\/\\\/piscine-exterieure.com\\\/wp-content\\\/uploads\\\/2024\\\/08\\\/cropped-Site-Piscine-Exterieure.webp\",\"contentUrl\":\"https:\\\/\\\/piscine-exterieure.com\\\/wp-content\\\/uploads\\\/2024\\\/08\\\/cropped-Site-Piscine-Exterieure.webp\",\"width\":253,\"height\":123,\"caption\":\"Guide des piscines ext\u00e9rieures\"},\"image\":{\"@id\":\"https:\\\/\\\/piscine-exterieure.com\\\/#\\\/schema\\\/logo\\\/image\\\/\"},\"sameAs\":[\"https:\\\/\\\/www.facebook.com\\\/profile.php?id=61563576004909\",\"https:\\\/\\\/www.tiktok.com\\\/@piscine_exterieure\",\"https:\\\/\\\/www.youtube.com\\\/channel\\\/UCuQfJxfPxOrAeyx_qOBFupg\"]}]}<\/script>\n<!-- \/ Yoast SEO plugin. -->","yoast_head_json":{"title":"Etapas e prazos de constru\u00e7\u00e3o e instala\u00e7\u00e3o da sua piscina","description":"Um planeamento cuidadoso da constru\u00e7\u00e3o da sua piscina criar\u00e1 uma base s\u00f3lida para o resto do projeto.","robots":{"index":"index","follow":"follow","max-snippet":"max-snippet:-1","max-image-preview":"max-image-preview:large","max-video-preview":"max-video-preview:-1"},"canonical":"https:\/\/piscine-exterieure.com\/pt\/fases-da-construcao-da-piscina\/","og_locale":"pt_PT","og_type":"article","og_title":"Etapes et d\u00e9lais de construction et installation de votre piscine","og_description":"La planification rigoureuse de la construction de votre piscine permet de poser des bases solides pour la suite du projet.","og_url":"https:\/\/piscine-exterieure.com\/pt\/fases-da-construcao-da-piscina\/","og_site_name":"Guide des piscines ext\u00e9rieures","article_publisher":"https:\/\/www.facebook.com\/profile.php?id=61563576004909","article_modified_time":"2024-08-16T06:52:46+00:00","og_image":[{"url":"https:\/\/piscine-exterieure.com\/wp-content\/uploads\/2024\/08\/Etapes-installation-piscine-3.webp","type":"","width":"","height":""}],"twitter_card":"summary_large_image","twitter_misc":{"Tempo estimado de leitura":"8 minutos"},"schema":{"@context":"https:\/\/schema.org","@graph":[{"@type":"WebPage","@id":"https:\/\/piscine-exterieure.com\/etapes-construction-piscine\/","url":"https:\/\/piscine-exterieure.com\/etapes-construction-piscine\/","name":"Etapas e prazos de constru\u00e7\u00e3o e instala\u00e7\u00e3o da sua piscina","isPartOf":{"@id":"https:\/\/piscine-exterieure.com\/#website"},"primaryImageOfPage":{"@id":"https:\/\/piscine-exterieure.com\/etapes-construction-piscine\/#primaryimage"},"image":{"@id":"https:\/\/piscine-exterieure.com\/etapes-construction-piscine\/#primaryimage"},"thumbnailUrl":"https:\/\/piscine-exterieure.com\/wp-content\/uploads\/2024\/08\/Etapes-installation-piscine-3.webp","datePublished":"2024-07-18T06:26:01+00:00","dateModified":"2024-08-16T06:52:46+00:00","description":"Um planeamento cuidadoso da constru\u00e7\u00e3o da sua piscina criar\u00e1 uma base s\u00f3lida para o resto do projeto.","breadcrumb":{"@id":"https:\/\/piscine-exterieure.com\/etapes-construction-piscine\/#breadcrumb"},"inLanguage":"pt-PT","potentialAction":[{"@type":"ReadAction","target":["https:\/\/piscine-exterieure.com\/etapes-construction-piscine\/"]}]},{"@type":"ImageObject","inLanguage":"pt-PT","@id":"https:\/\/piscine-exterieure.com\/etapes-construction-piscine\/#primaryimage","url":"https:\/\/piscine-exterieure.com\/wp-content\/uploads\/2024\/08\/Etapes-installation-piscine-3.webp","contentUrl":"https:\/\/piscine-exterieure.com\/wp-content\/uploads\/2024\/08\/Etapes-installation-piscine-3.webp"},{"@type":"BreadcrumbList","@id":"https:\/\/piscine-exterieure.com\/etapes-construction-piscine\/#breadcrumb","itemListElement":[{"@type":"ListItem","position":1,"name":"Accueil","item":"https:\/\/piscine-exterieure.com\/"},{"@type":"ListItem","position":2,"name":"Etapes d&rsquo;installation de votre piscine"}]},{"@type":"WebSite","@id":"https:\/\/piscine-exterieure.com\/#website","url":"https:\/\/piscine-exterieure.com\/","name":"Guia de piscinas exteriores","description":"","publisher":{"@id":"https:\/\/piscine-exterieure.com\/#organization"},"potentialAction":[{"@type":"SearchAction","target":{"@type":"EntryPoint","urlTemplate":"https:\/\/piscine-exterieure.com\/?s={search_term_string}"},"query-input":{"@type":"PropertyValueSpecification","valueRequired":true,"valueName":"search_term_string"}}],"inLanguage":"pt-PT"},{"@type":"Organization","@id":"https:\/\/piscine-exterieure.com\/#organization","name":"Guia de piscinas exteriores","url":"https:\/\/piscine-exterieure.com\/","logo":{"@type":"ImageObject","inLanguage":"pt-PT","@id":"https:\/\/piscine-exterieure.com\/#\/schema\/logo\/image\/","url":"https:\/\/piscine-exterieure.com\/wp-content\/uploads\/2024\/08\/cropped-Site-Piscine-Exterieure.webp","contentUrl":"https:\/\/piscine-exterieure.com\/wp-content\/uploads\/2024\/08\/cropped-Site-Piscine-Exterieure.webp","width":253,"height":123,"caption":"Guide des piscines ext\u00e9rieures"},"image":{"@id":"https:\/\/piscine-exterieure.com\/#\/schema\/logo\/image\/"},"sameAs":["https:\/\/www.facebook.com\/profile.php?id=61563576004909","https:\/\/www.tiktok.com\/@piscine_exterieure","https:\/\/www.youtube.com\/channel\/UCuQfJxfPxOrAeyx_qOBFupg"]}]}},"_links":{"self":[{"href":"https:\/\/piscine-exterieure.com\/pt\/wp-json\/wp\/v2\/pages\/2159","targetHints":{"allow":["GET"]}}],"collection":[{"href":"https:\/\/piscine-exterieure.com\/pt\/wp-json\/wp\/v2\/pages"}],"about":[{"href":"https:\/\/piscine-exterieure.com\/pt\/wp-json\/wp\/v2\/types\/page"}],"author":[{"embeddable":true,"href":"https:\/\/piscine-exterieure.com\/pt\/wp-json\/wp\/v2\/users\/1"}],"replies":[{"embeddable":true,"href":"https:\/\/piscine-exterieure.com\/pt\/wp-json\/wp\/v2\/comments?post=2159"}],"version-history":[{"count":9,"href":"https:\/\/piscine-exterieure.com\/pt\/wp-json\/wp\/v2\/pages\/2159\/revisions"}],"predecessor-version":[{"id":2535,"href":"https:\/\/piscine-exterieure.com\/pt\/wp-json\/wp\/v2\/pages\/2159\/revisions\/2535"}],"wp:attachment":[{"href":"https:\/\/piscine-exterieure.com\/pt\/wp-json\/wp\/v2\/media?parent=2159"}],"curies":[{"name":"wp","href":"https:\/\/api.w.org\/{rel}","templated":true}]}}