{"id":2446,"date":"2024-08-11T05:58:00","date_gmt":"2024-08-11T05:58:00","guid":{"rendered":"https:\/\/piscine-exterieure.com\/?page_id=2446"},"modified":"2024-08-16T06:56:18","modified_gmt":"2024-08-16T06:56:18","slug":"a-propos","status":"publish","type":"page","link":"https:\/\/piscine-exterieure.com\/es\/a-propos\/","title":{"rendered":"\u00bfQu\u00e9 soy yo?"},"content":{"rendered":"<div class=\"gb-container gb-container-714c8a1b\">\n<div class=\"gb-container gb-container-a1dadea3\">\n<div class=\"gb-container gb-container-e6e4532b\">\n\n<h2 class=\"gb-headline gb-headline-c4946eeb gb-headline-text\">Un apasionado de la piscina<\/h2>\n\n\n\n<p class=\"gb-headline gb-headline-94d1d6f8 gb-headline-text\">Me llamo Seb y soy un apasionado de las piscinas privadas desde hace m\u00e1s de 15 a\u00f1os.<\/p>\n\n\n\n<p>Todo empez\u00f3 cuando mi t\u00edo decidi\u00f3 construir su piscina. Me fascin\u00f3 el proyecto, desde la elecci\u00f3n de los materiales hasta la instalaci\u00f3n final. Pero tambi\u00e9n vi los problemas que encontr\u00f3: los errores de dise\u00f1o, las decisiones mal informadas y los muchos problemas de mantenimiento que podr\u00edan haberse evitado con un mejor asesoramiento. <\/p>\n\n\n\n<p>Esta experiencia me hizo querer saber m\u00e1s sobre las piscinas y, con el tiempo, esta curiosidad se convirti\u00f3 en una aut\u00e9ntica pasi\u00f3n.<br><br>Aunque no he trabajado directamente en el sector de la piscina, mi experiencia en la construcci\u00f3n me ha proporcionado una s\u00f3lida comprensi\u00f3n de los aspectos t\u00e9cnicos y los retos que conlleva la instalaci\u00f3n de una piscina privada. <\/p>\n\n\n\n<p>Este sitio naci\u00f3 del deseo de compartir mis conocimientos y ayudar a quienes se embarcan en la aventura de construir una piscina. Mi objetivo es hacer que el proceso sea lo m\u00e1s f\u00e1cil y agradable posible, proporcion\u00e1ndole informaci\u00f3n clara, consejos pr\u00e1cticos y sugerencias basadas en la experiencia.<\/p>\n\n<\/div>\n\n<div class=\"gb-container gb-container-cb3561a9\">\n\n<figure class=\"gb-block-image gb-block-image-6513eeca\"><img decoding=\"async\" class=\"gb-image gb-image-6513eeca\" src=\"https:\/\/piscine-exterieure.com\/wp-content\/uploads\/2022\/10\/mike-giles-IiwYeihxC58-unsplash.jpg\" alt=\"\" title=\"mike-giles-IiwYeihxC58-unsplash\"\/><\/figure>\n\n\n\n<figure class=\"wp-block-image size-full\"><img data-dominant-color=\"4c514d\" data-has-transparency=\"false\" style=\"--dominant-color: #4c514d;\" loading=\"lazy\" decoding=\"async\" width=\"1024\" height=\"1024\" src=\"https:\/\/piscine-exterieure.com\/wp-content\/uploads\/2024\/08\/Sebastien-3.webp\" alt=\"Seb\" class=\"wp-image-2539 not-transparent\" srcset=\"https:\/\/piscine-exterieure.com\/wp-content\/uploads\/2024\/08\/Sebastien-3.webp 1024w, https:\/\/piscine-exterieure.com\/wp-content\/uploads\/2024\/08\/Sebastien-3-300x300.webp 300w, https:\/\/piscine-exterieure.com\/wp-content\/uploads\/2024\/08\/Sebastien-3-150x150.webp 150w, https:\/\/piscine-exterieure.com\/wp-content\/uploads\/2024\/08\/Sebastien-3-768x768.webp 768w\" sizes=\"auto, (max-width: 1024px) 100vw, 1024px\" \/><\/figure>\n\n<\/div>\n<\/div>\n<\/div>","protected":false},"excerpt":{"rendered":"<p>Un apasionado de las piscinas Me llamo Seb y soy un apasionado de las piscinas privadas desde hace m\u00e1s de 15 a\u00f1os. Todo empez\u00f3 cuando mi t\u00edo decidi\u00f3 construir su piscina. Me fascin\u00f3 el proyecto, desde la elecci\u00f3n de los materiales hasta la instalaci\u00f3n final. Pero tambi\u00e9n vi los problemas a los que tuvo que enfrentarse... <a title=\"\u00bfQu\u00e9 soy yo?\" class=\"read-more\" href=\"https:\/\/piscine-exterieure.com\/es\/a-propos\/\" aria-label=\"Leer m\u00e1s sobre \u00bfQui\u00e9n soy?\">Leer m\u00e1s<\/a><\/p>","protected":false},"author":1,"featured_media":0,"parent":0,"menu_order":0,"comment_status":"closed","ping_status":"closed","template":"","meta":{"footnotes":""},"class_list":["post-2446","page","type-page","status-publish"],"yoast_head":"<!-- This site is optimized with the Yoast SEO plugin v27.4 - https:\/\/yoast.com\/product\/yoast-seo-wordpress\/ -->\n<title>Qui suis-je ? - Guide des piscines ext\u00e9rieures<\/title>\n<meta name=\"description\" content=\"Je m&#039;appelle Seb, et je suis passionn\u00e9 par les piscines priv\u00e9es depuis plus de 25 ans.\" \/>\n<meta name=\"robots\" content=\"noindex, nofollow\" \/>\n<meta property=\"og:locale\" content=\"es_ES\" \/>\n<meta property=\"og:type\" content=\"article\" \/>\n<meta property=\"og:title\" content=\"Qui suis-je ? - Guide des piscines ext\u00e9rieures\" \/>\n<meta property=\"og:description\" content=\"Je m&#039;appelle Seb, et je suis passionn\u00e9 par les piscines priv\u00e9es depuis plus de 25 ans.\" \/>\n<meta property=\"og:url\" content=\"https:\/\/piscine-exterieure.com\/es\/a-propos\/\" \/>\n<meta property=\"og:site_name\" content=\"Guide des piscines ext\u00e9rieures\" \/>\n<meta property=\"article:publisher\" content=\"https:\/\/www.facebook.com\/profile.php?id=61563576004909\" \/>\n<meta property=\"article:modified_time\" content=\"2024-08-16T06:56:18+00:00\" \/>\n<meta property=\"og:image\" content=\"https:\/\/piscine-exterieure.com\/wp-content\/uploads\/2022\/10\/mike-giles-IiwYeihxC58-unsplash.jpg\" \/>\n<meta name=\"twitter:card\" content=\"summary_large_image\" \/>\n<meta name=\"twitter:label1\" content=\"Tiempo de lectura\" \/>\n\t<meta name=\"twitter:data1\" content=\"2 minutos\" \/>\n<script type=\"application\/ld+json\" class=\"yoast-schema-graph\">{\"@context\":\"https:\\\/\\\/schema.org\",\"@graph\":[{\"@type\":\"WebPage\",\"@id\":\"https:\\\/\\\/piscine-exterieure.com\\\/a-propos\\\/\",\"url\":\"https:\\\/\\\/piscine-exterieure.com\\\/a-propos\\\/\",\"name\":\"Qui suis-je ? - Guide des piscines ext\u00e9rieures\",\"isPartOf\":{\"@id\":\"https:\\\/\\\/piscine-exterieure.com\\\/#website\"},\"primaryImageOfPage\":{\"@id\":\"https:\\\/\\\/piscine-exterieure.com\\\/a-propos\\\/#primaryimage\"},\"image\":{\"@id\":\"https:\\\/\\\/piscine-exterieure.com\\\/a-propos\\\/#primaryimage\"},\"thumbnailUrl\":\"https:\\\/\\\/piscine-exterieure.com\\\/wp-content\\\/uploads\\\/2022\\\/10\\\/mike-giles-IiwYeihxC58-unsplash.jpg\",\"datePublished\":\"2024-08-11T05:58:00+00:00\",\"dateModified\":\"2024-08-16T06:56:18+00:00\",\"description\":\"Je m'appelle Seb, et je suis passionn\u00e9 par les piscines priv\u00e9es depuis plus de 25 ans.\",\"breadcrumb\":{\"@id\":\"https:\\\/\\\/piscine-exterieure.com\\\/a-propos\\\/#breadcrumb\"},\"inLanguage\":\"es\",\"potentialAction\":[{\"@type\":\"ReadAction\",\"target\":[\"https:\\\/\\\/piscine-exterieure.com\\\/a-propos\\\/\"]}]},{\"@type\":\"ImageObject\",\"inLanguage\":\"es\",\"@id\":\"https:\\\/\\\/piscine-exterieure.com\\\/a-propos\\\/#primaryimage\",\"url\":\"https:\\\/\\\/piscine-exterieure.com\\\/wp-content\\\/uploads\\\/2022\\\/10\\\/mike-giles-IiwYeihxC58-unsplash.jpg\",\"contentUrl\":\"https:\\\/\\\/piscine-exterieure.com\\\/wp-content\\\/uploads\\\/2022\\\/10\\\/mike-giles-IiwYeihxC58-unsplash.jpg\"},{\"@type\":\"BreadcrumbList\",\"@id\":\"https:\\\/\\\/piscine-exterieure.com\\\/a-propos\\\/#breadcrumb\",\"itemListElement\":[{\"@type\":\"ListItem\",\"position\":1,\"name\":\"Accueil\",\"item\":\"https:\\\/\\\/piscine-exterieure.com\\\/\"},{\"@type\":\"ListItem\",\"position\":2,\"name\":\"Qui suis-je ?\"}]},{\"@type\":\"WebSite\",\"@id\":\"https:\\\/\\\/piscine-exterieure.com\\\/#website\",\"url\":\"https:\\\/\\\/piscine-exterieure.com\\\/\",\"name\":\"Guide des piscines ext\u00e9rieures\",\"description\":\"\",\"publisher\":{\"@id\":\"https:\\\/\\\/piscine-exterieure.com\\\/#organization\"},\"potentialAction\":[{\"@type\":\"SearchAction\",\"target\":{\"@type\":\"EntryPoint\",\"urlTemplate\":\"https:\\\/\\\/piscine-exterieure.com\\\/?s={search_term_string}\"},\"query-input\":{\"@type\":\"PropertyValueSpecification\",\"valueRequired\":true,\"valueName\":\"search_term_string\"}}],\"inLanguage\":\"es\"},{\"@type\":\"Organization\",\"@id\":\"https:\\\/\\\/piscine-exterieure.com\\\/#organization\",\"name\":\"Guide des piscines ext\u00e9rieures\",\"url\":\"https:\\\/\\\/piscine-exterieure.com\\\/\",\"logo\":{\"@type\":\"ImageObject\",\"inLanguage\":\"es\",\"@id\":\"https:\\\/\\\/piscine-exterieure.com\\\/#\\\/schema\\\/logo\\\/image\\\/\",\"url\":\"https:\\\/\\\/piscine-exterieure.com\\\/wp-content\\\/uploads\\\/2024\\\/08\\\/cropped-Site-Piscine-Exterieure.webp\",\"contentUrl\":\"https:\\\/\\\/piscine-exterieure.com\\\/wp-content\\\/uploads\\\/2024\\\/08\\\/cropped-Site-Piscine-Exterieure.webp\",\"width\":253,\"height\":123,\"caption\":\"Guide des piscines ext\u00e9rieures\"},\"image\":{\"@id\":\"https:\\\/\\\/piscine-exterieure.com\\\/#\\\/schema\\\/logo\\\/image\\\/\"},\"sameAs\":[\"https:\\\/\\\/www.facebook.com\\\/profile.php?id=61563576004909\",\"https:\\\/\\\/www.tiktok.com\\\/@piscine_exterieure\",\"https:\\\/\\\/www.youtube.com\\\/channel\\\/UCuQfJxfPxOrAeyx_qOBFupg\"]}]}<\/script>\n<!-- \/ Yoast SEO plugin. -->","yoast_head_json":{"title":"Qui\u00e9nes somos - Gu\u00eda de piscinas al aire libre","description":"Me llamo Seb y soy un apasionado de las piscinas privadas desde hace m\u00e1s de 25 a\u00f1os.","robots":{"index":"noindex","follow":"nofollow"},"og_locale":"es_ES","og_type":"article","og_title":"Qui suis-je ? - Guide des piscines ext\u00e9rieures","og_description":"Je m'appelle Seb, et je suis passionn\u00e9 par les piscines priv\u00e9es depuis plus de 25 ans.","og_url":"https:\/\/piscine-exterieure.com\/es\/a-propos\/","og_site_name":"Guide des piscines ext\u00e9rieures","article_publisher":"https:\/\/www.facebook.com\/profile.php?id=61563576004909","article_modified_time":"2024-08-16T06:56:18+00:00","og_image":[{"url":"https:\/\/piscine-exterieure.com\/wp-content\/uploads\/2022\/10\/mike-giles-IiwYeihxC58-unsplash.jpg","type":"","width":"","height":""}],"twitter_card":"summary_large_image","twitter_misc":{"Tiempo de lectura":"2 minutos"},"schema":{"@context":"https:\/\/schema.org","@graph":[{"@type":"WebPage","@id":"https:\/\/piscine-exterieure.com\/a-propos\/","url":"https:\/\/piscine-exterieure.com\/a-propos\/","name":"Qui\u00e9nes somos - Gu\u00eda de piscinas al aire libre","isPartOf":{"@id":"https:\/\/piscine-exterieure.com\/#website"},"primaryImageOfPage":{"@id":"https:\/\/piscine-exterieure.com\/a-propos\/#primaryimage"},"image":{"@id":"https:\/\/piscine-exterieure.com\/a-propos\/#primaryimage"},"thumbnailUrl":"https:\/\/piscine-exterieure.com\/wp-content\/uploads\/2022\/10\/mike-giles-IiwYeihxC58-unsplash.jpg","datePublished":"2024-08-11T05:58:00+00:00","dateModified":"2024-08-16T06:56:18+00:00","description":"Me llamo Seb y soy un apasionado de las piscinas privadas desde hace m\u00e1s de 25 a\u00f1os.","breadcrumb":{"@id":"https:\/\/piscine-exterieure.com\/a-propos\/#breadcrumb"},"inLanguage":"es","potentialAction":[{"@type":"ReadAction","target":["https:\/\/piscine-exterieure.com\/a-propos\/"]}]},{"@type":"ImageObject","inLanguage":"es","@id":"https:\/\/piscine-exterieure.com\/a-propos\/#primaryimage","url":"https:\/\/piscine-exterieure.com\/wp-content\/uploads\/2022\/10\/mike-giles-IiwYeihxC58-unsplash.jpg","contentUrl":"https:\/\/piscine-exterieure.com\/wp-content\/uploads\/2022\/10\/mike-giles-IiwYeihxC58-unsplash.jpg"},{"@type":"BreadcrumbList","@id":"https:\/\/piscine-exterieure.com\/a-propos\/#breadcrumb","itemListElement":[{"@type":"ListItem","position":1,"name":"Accueil","item":"https:\/\/piscine-exterieure.com\/"},{"@type":"ListItem","position":2,"name":"Qui suis-je ?"}]},{"@type":"WebSite","@id":"https:\/\/piscine-exterieure.com\/#website","url":"https:\/\/piscine-exterieure.com\/","name":"Gu\u00eda de piscinas al aire libre","description":"","publisher":{"@id":"https:\/\/piscine-exterieure.com\/#organization"},"potentialAction":[{"@type":"SearchAction","target":{"@type":"EntryPoint","urlTemplate":"https:\/\/piscine-exterieure.com\/?s={search_term_string}"},"query-input":{"@type":"PropertyValueSpecification","valueRequired":true,"valueName":"search_term_string"}}],"inLanguage":"es"},{"@type":"Organization","@id":"https:\/\/piscine-exterieure.com\/#organization","name":"Gu\u00eda de piscinas al aire libre","url":"https:\/\/piscine-exterieure.com\/","logo":{"@type":"ImageObject","inLanguage":"es","@id":"https:\/\/piscine-exterieure.com\/#\/schema\/logo\/image\/","url":"https:\/\/piscine-exterieure.com\/wp-content\/uploads\/2024\/08\/cropped-Site-Piscine-Exterieure.webp","contentUrl":"https:\/\/piscine-exterieure.com\/wp-content\/uploads\/2024\/08\/cropped-Site-Piscine-Exterieure.webp","width":253,"height":123,"caption":"Guide des piscines ext\u00e9rieures"},"image":{"@id":"https:\/\/piscine-exterieure.com\/#\/schema\/logo\/image\/"},"sameAs":["https:\/\/www.facebook.com\/profile.php?id=61563576004909","https:\/\/www.tiktok.com\/@piscine_exterieure","https:\/\/www.youtube.com\/channel\/UCuQfJxfPxOrAeyx_qOBFupg"]}]}},"_links":{"self":[{"href":"https:\/\/piscine-exterieure.com\/es\/wp-json\/wp\/v2\/pages\/2446","targetHints":{"allow":["GET"]}}],"collection":[{"href":"https:\/\/piscine-exterieure.com\/es\/wp-json\/wp\/v2\/pages"}],"about":[{"href":"https:\/\/piscine-exterieure.com\/es\/wp-json\/wp\/v2\/types\/page"}],"author":[{"embeddable":true,"href":"https:\/\/piscine-exterieure.com\/es\/wp-json\/wp\/v2\/users\/1"}],"replies":[{"embeddable":true,"href":"https:\/\/piscine-exterieure.com\/es\/wp-json\/wp\/v2\/comments?post=2446"}],"version-history":[{"count":5,"href":"https:\/\/piscine-exterieure.com\/es\/wp-json\/wp\/v2\/pages\/2446\/revisions"}],"predecessor-version":[{"id":2540,"href":"https:\/\/piscine-exterieure.com\/es\/wp-json\/wp\/v2\/pages\/2446\/revisions\/2540"}],"wp:attachment":[{"href":"https:\/\/piscine-exterieure.com\/es\/wp-json\/wp\/v2\/media?parent=2446"}],"curies":[{"name":"wp","href":"https:\/\/api.w.org\/{rel}","templated":true}]}}