{"id":2159,"date":"2024-07-18T06:26:01","date_gmt":"2024-07-18T06:26:01","guid":{"rendered":"https:\/\/piscine-exterieure.com\/?page_id=2159"},"modified":"2024-08-16T06:52:46","modified_gmt":"2024-08-16T06:52:46","slug":"etapas-de-la-construccion-de-una-piscina","status":"publish","type":"page","link":"https:\/\/piscine-exterieure.com\/es\/etapes-construction-piscine\/","title":{"rendered":"Instalaci\u00f3n de la piscina"},"content":{"rendered":"<div class=\"gb-container gb-container-ee5cdefe\">\n<div class=\"gb-container gb-container-3d60e316\">\n<div class=\"gb-container gb-container-b2455803\">\n\n<div class=\"wp-block-cover\"><span aria-hidden=\"true\" class=\"wp-block-cover__background has-background-dim\" style=\"background-color:#5a736b\"><\/span><img data-dominant-color=\"465847\" data-has-transparency=\"false\" style=\"--dominant-color: #465847;\" loading=\"lazy\" decoding=\"async\" width=\"1280\" height=\"720\" class=\"wp-block-cover__image-background wp-image-2534 not-transparent\" alt=\"Construcci\u00f3n e instalaci\u00f3n de piscinas\" src=\"https:\/\/piscine-exterieure.com\/wp-content\/uploads\/2024\/08\/Etapes-installation-piscine-3.webp\" data-object-fit=\"cover\" srcset=\"https:\/\/piscine-exterieure.com\/wp-content\/uploads\/2024\/08\/Etapes-installation-piscine-3.webp 1280w, https:\/\/piscine-exterieure.com\/wp-content\/uploads\/2024\/08\/Etapes-installation-piscine-3-300x169.webp 300w, https:\/\/piscine-exterieure.com\/wp-content\/uploads\/2024\/08\/Etapes-installation-piscine-3-1024x576.webp 1024w, https:\/\/piscine-exterieure.com\/wp-content\/uploads\/2024\/08\/Etapes-installation-piscine-3-768x432.webp 768w\" sizes=\"auto, (max-width: 1280px) 100vw, 1280px\" \/><div class=\"wp-block-cover__inner-container is-layout-flow wp-block-cover-is-layout-flow\">\n<p class=\"has-text-align-center has-large-font-size\">Un buen comienzo para su proyecto de piscina<\/p>\n<\/div><\/div>\n\n\n\n<p><\/p>\n\n\n\n<div class=\"gb-headline gb-headline-98068e6d gb-headline-text\">Dise\u00f1o y planificaci\u00f3n<\/div>\n\n<\/div>\n<\/div>\n\n\n<p class=\"gb-headline gb-headline-7972dccd gb-headline-text\">Definir sus necesidades es el primer paso para garantizar el \u00e9xito de su proyecto de piscina. Piense en <strong>talla<\/strong>el <strong>forma <\/strong>y <strong>profundidad<\/strong> que mejor se adapten a sus necesidades y al espacio disponible. Equipos como <strong>calefacci\u00f3n<\/strong>, <strong>iluminaci\u00f3n <\/strong>y el <strong>filtraci\u00f3n<\/strong>Estos factores tambi\u00e9n deben tenerse en cuenta desde el principio.<\/p>\n\n\n\n<p>El siguiente paso es elaborar un <strong>plan detallado<\/strong> con un <strong>constructor de piscinas <\/strong>o un <strong>alba\u00f1il<\/strong>. Este plan debe incluir todos los <strong>dimensiones <\/strong>la piscina, <strong>ubicaci\u00f3n <\/strong>en su jard\u00edn, as\u00ed como la <strong>sistema hidr\u00e1ulico<\/strong> y <strong>el\u00e9ctrico <\/strong>necesarios para que funcione correctamente. Cada detalle cuenta para evitar complicaciones por el camino.<\/p>\n\n\n\n<p><br>Obtenci\u00f3n de <strong>autorizaciones administrativas<\/strong> es otro paso esencial. Dependiendo de su ubicaci\u00f3n, es posible que tenga que consultar la normativa local y presentar sus planos a las autoridades competentes. No descuide esta etapa si quiere evitar retrasos o posibles sanciones. Esta fase puede durar entre 1 y 2 meses, dependiendo de los plazos administrativos.<\/p>\n\n\n\n<p><br>Una planificaci\u00f3n cuidadosa de estos elementos sentar\u00e1 unas bases s\u00f3lidas para el resto del proyecto. Una vez completada esta fase, podr\u00e1 abordar los trabajos preparatorios con total tranquilidad, con una visi\u00f3n clara de lo que le espera.<\/p>\n\n\n\n<div class=\"gb-headline gb-headline-4dddca7d gb-headline-text\">Trabajos preparatorios<\/div>\n\n\n\n<h2 class=\"wp-block-heading\">Cimentaci\u00f3n de la piscina<\/h2>\n\n\n\n<p>Los trabajos preparatorios son una fase importante en la construcci\u00f3n de su piscina. Es esencial delimitar con precisi\u00f3n<strong>ubicaci\u00f3n de la piscina<\/strong> sobre el terreno. Esta demarcaci\u00f3n garantiza que ning\u00fan obst\u00e1culo se interpondr\u00e1 en los futuros trabajos. Esta fase suele durar de 1 a 2 d\u00edas.<\/p>\n\n\n\n<p>Una vez marcada la ubicaci\u00f3n, puede proceder a la <strong>movimiento de tierras<\/strong>t y<strong>excavaci\u00f3n<\/strong>. Esta fase consiste en excavar hasta alcanzar las dimensiones especificadas en los planos, respetando las profundidades y formas definidas. Tambi\u00e9n tendr\u00e1 que ocuparse de la tierra excavada, ya que cualquier excavaci\u00f3n producir\u00e1 una cantidad importante de tierra que habr\u00e1 que retirar. Prevea entre 3 y 5 d\u00edas para esta fase, en funci\u00f3n del tama\u00f1o y la complejidad de la obra.<\/p>\n\n\n\n<p>La <strong>preparaci\u00f3n del suelo<\/strong> es igual de importante. Tras la excavaci\u00f3n, el <strong>el suelo debe estar nivelado<\/strong> cuidadosamente para garantizar una base s\u00f3lida y estable. Si es necesario, pueden a\u00f1adirse materiales adicionales para rellenar huecos o reforzar la estructura. Esta fase puede durar de 2 a 3 d\u00edas m\u00e1s.<\/p>\n\n\n\n<p>Este trabajo preliminar, aunque t\u00e9cnico, sienta las bases de la futura piscina. Una cuidadosa preparaci\u00f3n garantiza la estabilidad y durabilidad de la futura estructura.<\/p>\n\n\n\n<div class=\"gb-headline gb-headline-746017dd gb-headline-text\">Construir la piscina<\/div>\n\n\n\n<h2 class=\"wp-block-heading\">Su piscina empieza a tomar forma<\/h2>\n\n\n\n<p>La construcci\u00f3n de la piscina es la fase en la que su piscina empieza a tomar forma concreta. La primera fase consiste en <strong>verter el inversor<\/strong>En otras palabras <strong>losa inferior<\/strong>. Esta base de hormig\u00f3n garantiza la estabilidad de toda la estructura. Para esta operaci\u00f3n, es esencial utilizar un <strong>hormig\u00f3n de alta calidad<\/strong> y las proporciones deben respetarse cuidadosamente para garantizar una resistencia \u00f3ptima. Esta fase suele durar de 2 a 3 d\u00edas.<\/p>\n\n\n\n<p>Entonces el <strong>paredes del dep\u00f3sito<\/strong>. Dependiendo del material elegido, esto puede implicar <strong>hormig\u00f3n vertido<\/strong>de <strong>paneles prefabricados<\/strong> o incluso <strong>bloques de encofrado<\/strong>. Una vez colocadas las paredes, hay que enlucirlas para obtener un acabado uniforme. <strong>superficie lisa y uniforme<\/strong>. Este enlucido tambi\u00e9n protege las paredes y las prepara para la instalaci\u00f3n del sistema de impermeabilizaci\u00f3n. La construcci\u00f3n y el enlucido de las paredes pueden durar entre 1 y 2 semanas.<\/p>\n\n\n\n<p>L'<strong>impermeabilizaci\u00f3n<\/strong> garantiza la durabilidad de su piscina. Hay muchas opciones: <strong>forro<\/strong>a <strong>membrana reforzada<\/strong> o un <strong>resina espec\u00edfica<\/strong>. Un sellado adecuado evita <strong>fugas <\/strong>y <strong>entrada de agua<\/strong>. Esta fase puede durar de 3 a 5 d\u00edas.<\/p>\n\n\n\n<p>La introducci\u00f3n de <strong>tubos<\/strong> y <strong>equipo t\u00e9cnico<\/strong> completa esta fase. Se trata de instalar el <strong>desnatadores<\/strong>el <strong>boquillas de suministro<\/strong>el <strong>casquillos de cepillo<\/strong>y todas las tuber\u00edas necesarias para que el sistema de filtraci\u00f3n funcione correctamente. Visite <strong>sala de m\u00e1quinas<\/strong>situado junto a la piscina, albergar\u00e1 el <strong>bomba<\/strong>el <strong>filtro <\/strong>y posiblemente el <strong>sistema de calefacci\u00f3n<\/strong>. Esta fase puede durar alrededor de una semana.<\/p>\n\n\n\n<p>Una vez superadas estas etapas, su piscina est\u00e1 lista para los toques finales que le dar\u00e1n todo su brillo. Una construcci\u00f3n cuidadosa y met\u00f3dica garantiza una piscina robusta y funcional, lista para proporcionar a\u00f1os de placer acu\u00e1tico.<\/p>\n\n\n\n<div class=\"gb-headline gb-headline-2751bd18 gb-headline-text\">Acabados y accesorios<\/div>\n\n\n\n<h2 class=\"wp-block-heading\">El toque final para su piscina<\/h2>\n\n\n\n<p>En <strong>acabados <\/strong>y <strong>desarrollo <\/strong>de su piscina son las etapas en las que pasa de ser un proyecto a una realidad tangible y est\u00e9tica. La primera tarea consiste en <strong>cubrir las paredes interiores<\/strong> con el revestimiento que haya elegido. Alicatado, mosaico, revestimiento... cada material aporta un toque \u00fanico y debe colocarse con cuidado para garantizar un sellado perfecto y un acabado est\u00e9tico impecable. Esta etapa suele durar de 1 a 2 semanas.<\/p>\n\n\n\n<p>Al mismo tiempo <strong>instalaciones exteriores<\/strong> se est\u00e1n poniendo en marcha. La creaci\u00f3n de <strong>playas<\/strong> y <strong>terrazas <\/strong>Alrededor de la piscina, puede definir espacios de relajaci\u00f3n y convivencia. Elegir <strong>materiales duraderos<\/strong> y <strong>antideslizante<\/strong> para estos \u00e1mbitos es esencial para garantizar <strong>seguridad <\/strong>y <strong>longevidad<\/strong>. El paisajismo alrededor de la piscina a\u00f1ade una dimensi\u00f3n adicional a su espacio vital exterior, integrando armoniosamente la piscina en su entorno. Esta fase puede durar entre 2 y 4 semanas.<\/p>\n\n\n\n<p>En <strong>conexiones el\u00e9ctricas<\/strong> y <strong>hidr\u00e1ulico <\/strong>son pasos t\u00e9cnicos esenciales. Incluyen la conexi\u00f3n de todos los equipos necesarios para que la piscina funcione correctamente: <strong>sistema de filtrado<\/strong>, <strong>calefacci\u00f3n<\/strong>, <strong>iluminaci\u00f3n<\/strong>y posiblemente <a href=\"https:\/\/piscine-exterieure.com\/es\/accesorios-para-piscinas\/\">accesorios para piscinas<\/a> como chorros de masaje o sistemas de nataci\u00f3n contracorriente. Cada conexi\u00f3n debe realizarse respetando las normas de seguridad para evitar cualquier riesgo de mal funcionamiento o accidente. Esta etapa puede durar alrededor de 1 semana.<\/p>\n\n\n\n<p>Entonces es el momento de <strong>llenar la piscina de agua<\/strong> y <strong>Compruebe si hay fugas.<\/strong> Esta etapa, a la vez t\u00e9cnica y simb\u00f3lica, marca el inicio de la puesta en servicio de su piscina. Es importante probar todos los equipos para asegurarse de que funcionan correctamente y ajustar las configuraciones si es necesario. Puede llevar de 2 a 3 d\u00edas.<\/p>\n\n\n\n<p>Para completar la instalaci\u00f3n, se instalan equipos adicionales. Puede tratarse de sistemas de filtraci\u00f3n avanzados, dispositivos de calefacci\u00f3n para prolongar la temporada de ba\u00f1o u opciones de limpieza automatizada para facilitar el mantenimiento diario de la piscina. Esta fase puede durar entre 1 y 2 d\u00edas.<\/p>\n\n\n\n<p>Con estos acabados y accesorios, \u00a1su piscina estar\u00e1 lista para usar! Cada detalle cuenta para crear un entorno agradable y seguro donde reunirse y disfrutar del buen tiempo.<\/p>\n\n\n\n<div class=\"gb-headline gb-headline-39c83542 gb-headline-text\">Puesta en servicio y mantenimiento<\/div>\n\n\n\n<h2 class=\"wp-block-heading\">Su piscina est\u00e1 lista, pero no olvide cuidarla.<\/h2>\n\n\n\n<p>La <strong>puesta en servicio de su piscina<\/strong> marca el final de las obras y el comienzo de su utilizaci\u00f3n. Esta etapa comienza con la <strong>llenar la piscina<\/strong>. El agua debe a\u00f1adirse gradualmente, sin perder de vista el nivel y la estanqueidad. Una vez llena la piscina, hay que probar todos los equipos: la filtraci\u00f3n, la calefacci\u00f3n y los dispositivos de seguridad. Cada elemento debe funcionar correctamente para que la piscina aproveche todo su potencial. Esta comprobaci\u00f3n completa puede llevar entre 4 y 6 horas.<\/p>\n\n\n\n<p>A continuaci\u00f3n, el<strong>equilibrio del agua<\/strong> es un paso fundamental. Se trata de comprobar y ajustar el pH, la alcalinidad y la dureza del agua para evitar <strong>formaci\u00f3n de algas<\/strong> y <strong>dep\u00f3sitos calc\u00e1reos<\/strong>. Un buen tratamiento qu\u00edmico es esencial para mantener el agua limpia y sana. Utilizar productos de calidad y respetar las dosis recomendadas prolongar\u00e1 la vida de su piscina y de sus equipos. Esta primera etapa puede durar de 2 a 3 horas, seguidas de revisiones semanales regulares de una hora aproximadamente.<\/p>\n\n\n\n<p>L'<strong>mantenimiento regular de la piscina<\/strong> es esencial para garantizar su longevidad. Esto incluye limpiar las paredes y el fondo, vaciar los skimmers y las cestas de las bombas, y controlar continuamente los par\u00e1metros del agua. La limpieza semanal con herramientas adecuadas, como aspiradores de piscinas o robots limpiadores, facilita mucho esta tarea. Dedique unas 2 horas semanales al mantenimiento completo.<\/p>\n\n\n\n<p>La <strong>gesti\u00f3n de los equipos de filtraci\u00f3n y calefacci\u00f3n<\/strong> tambi\u00e9n requiere una atenci\u00f3n especial. Los filtros deben limpiarse con regularidad para evitar obstrucciones y garantizar una circulaci\u00f3n eficaz del agua. Los sistemas de calefacci\u00f3n, ya sean solares, el\u00e9ctricos o de gas, deben revisarse peri\u00f3dicamente para garantizar que funcionan con un rendimiento \u00f3ptimo. Una revisi\u00f3n mensual de estos sistemas puede llevar entre 1 y 2 horas.<\/p>\n\n\n\n<p>En <strong>dispositivos de seguridad<\/strong>vallas, cubiertas y alarmas de piscina, deben ser <strong>mantenimiento y pruebas peri\u00f3dicas<\/strong> para garantizar la seguridad de los usuarios, especialmente de los ni\u00f1os. Comprobar que est\u00e1n en buen estado y funcionan correctamente es una responsabilidad que no hay que descuidar. Esto puede hacerse en 1 hora cada mes.<\/p>\n\n\n\n<p>El mantenimiento de la piscina puede parecer restrictivo, pero con una rutina bien establecida, se convierte en un h\u00e1bito f\u00e1cil de mantener. Un buen mantenimiento garantiza un agua cristalina y una piscina siempre lista para su uso.<\/p>\n\n<\/div>","protected":false},"excerpt":{"rendered":"<p>Dise\u00f1o y planificaci\u00f3n Definir sus necesidades es el primer paso para garantizar el \u00e9xito de su proyecto de piscina. Piense en el tama\u00f1o, la forma y la profundidad que mejor se adapten a sus necesidades y al espacio disponible. Tambi\u00e9n hay que tener en cuenta el equipamiento, como la calefacci\u00f3n, la iluminaci\u00f3n y la filtraci\u00f3n... <a title=\"Instalaci\u00f3n de la piscina\" class=\"read-more\" href=\"https:\/\/piscine-exterieure.com\/es\/etapes-construction-piscine\/\" aria-label=\"Leer m\u00e1s sobre Pasos para instalar su piscina\">Leer m\u00e1s<\/a><\/p>","protected":false},"author":1,"featured_media":0,"parent":0,"menu_order":0,"comment_status":"closed","ping_status":"closed","template":"","meta":{"footnotes":""},"class_list":["post-2159","page","type-page","status-publish"],"yoast_head":"<!-- This site is optimized with the Yoast SEO plugin v27.4 - https:\/\/yoast.com\/product\/yoast-seo-wordpress\/ -->\n<title>Etapes et d\u00e9lais de construction et installation de votre piscine<\/title>\n<meta name=\"description\" content=\"La planification rigoureuse de la construction de votre piscine permet de poser des bases solides pour la suite du projet.\" \/>\n<meta name=\"robots\" content=\"index, follow, max-snippet:-1, max-image-preview:large, max-video-preview:-1\" \/>\n<link rel=\"canonical\" href=\"https:\/\/piscine-exterieure.com\/es\/etapas-de-la-construccion-de-una-piscina\/\" \/>\n<meta property=\"og:locale\" content=\"es_ES\" \/>\n<meta property=\"og:type\" content=\"article\" \/>\n<meta property=\"og:title\" content=\"Etapes et d\u00e9lais de construction et installation de votre piscine\" \/>\n<meta property=\"og:description\" content=\"La planification rigoureuse de la construction de votre piscine permet de poser des bases solides pour la suite du projet.\" \/>\n<meta property=\"og:url\" content=\"https:\/\/piscine-exterieure.com\/es\/etapas-de-la-construccion-de-una-piscina\/\" \/>\n<meta property=\"og:site_name\" content=\"Guide des piscines ext\u00e9rieures\" \/>\n<meta property=\"article:publisher\" content=\"https:\/\/www.facebook.com\/profile.php?id=61563576004909\" \/>\n<meta property=\"article:modified_time\" content=\"2024-08-16T06:52:46+00:00\" \/>\n<meta property=\"og:image\" content=\"https:\/\/piscine-exterieure.com\/wp-content\/uploads\/2024\/08\/Etapes-installation-piscine-3.webp\" \/>\n<meta name=\"twitter:card\" content=\"summary_large_image\" \/>\n<meta name=\"twitter:label1\" content=\"Tiempo de lectura\" \/>\n\t<meta name=\"twitter:data1\" content=\"8 minutos\" \/>\n<script type=\"application\/ld+json\" class=\"yoast-schema-graph\">{\"@context\":\"https:\\\/\\\/schema.org\",\"@graph\":[{\"@type\":\"WebPage\",\"@id\":\"https:\\\/\\\/piscine-exterieure.com\\\/etapes-construction-piscine\\\/\",\"url\":\"https:\\\/\\\/piscine-exterieure.com\\\/etapes-construction-piscine\\\/\",\"name\":\"Etapes et d\u00e9lais de construction et installation de votre piscine\",\"isPartOf\":{\"@id\":\"https:\\\/\\\/piscine-exterieure.com\\\/#website\"},\"primaryImageOfPage\":{\"@id\":\"https:\\\/\\\/piscine-exterieure.com\\\/etapes-construction-piscine\\\/#primaryimage\"},\"image\":{\"@id\":\"https:\\\/\\\/piscine-exterieure.com\\\/etapes-construction-piscine\\\/#primaryimage\"},\"thumbnailUrl\":\"https:\\\/\\\/piscine-exterieure.com\\\/wp-content\\\/uploads\\\/2024\\\/08\\\/Etapes-installation-piscine-3.webp\",\"datePublished\":\"2024-07-18T06:26:01+00:00\",\"dateModified\":\"2024-08-16T06:52:46+00:00\",\"description\":\"La planification rigoureuse de la construction de votre piscine permet de poser des bases solides pour la suite du projet.\",\"breadcrumb\":{\"@id\":\"https:\\\/\\\/piscine-exterieure.com\\\/etapes-construction-piscine\\\/#breadcrumb\"},\"inLanguage\":\"es\",\"potentialAction\":[{\"@type\":\"ReadAction\",\"target\":[\"https:\\\/\\\/piscine-exterieure.com\\\/etapes-construction-piscine\\\/\"]}]},{\"@type\":\"ImageObject\",\"inLanguage\":\"es\",\"@id\":\"https:\\\/\\\/piscine-exterieure.com\\\/etapes-construction-piscine\\\/#primaryimage\",\"url\":\"https:\\\/\\\/piscine-exterieure.com\\\/wp-content\\\/uploads\\\/2024\\\/08\\\/Etapes-installation-piscine-3.webp\",\"contentUrl\":\"https:\\\/\\\/piscine-exterieure.com\\\/wp-content\\\/uploads\\\/2024\\\/08\\\/Etapes-installation-piscine-3.webp\"},{\"@type\":\"BreadcrumbList\",\"@id\":\"https:\\\/\\\/piscine-exterieure.com\\\/etapes-construction-piscine\\\/#breadcrumb\",\"itemListElement\":[{\"@type\":\"ListItem\",\"position\":1,\"name\":\"Accueil\",\"item\":\"https:\\\/\\\/piscine-exterieure.com\\\/\"},{\"@type\":\"ListItem\",\"position\":2,\"name\":\"Etapes d&rsquo;installation de votre piscine\"}]},{\"@type\":\"WebSite\",\"@id\":\"https:\\\/\\\/piscine-exterieure.com\\\/#website\",\"url\":\"https:\\\/\\\/piscine-exterieure.com\\\/\",\"name\":\"Guide des piscines ext\u00e9rieures\",\"description\":\"\",\"publisher\":{\"@id\":\"https:\\\/\\\/piscine-exterieure.com\\\/#organization\"},\"potentialAction\":[{\"@type\":\"SearchAction\",\"target\":{\"@type\":\"EntryPoint\",\"urlTemplate\":\"https:\\\/\\\/piscine-exterieure.com\\\/?s={search_term_string}\"},\"query-input\":{\"@type\":\"PropertyValueSpecification\",\"valueRequired\":true,\"valueName\":\"search_term_string\"}}],\"inLanguage\":\"es\"},{\"@type\":\"Organization\",\"@id\":\"https:\\\/\\\/piscine-exterieure.com\\\/#organization\",\"name\":\"Guide des piscines ext\u00e9rieures\",\"url\":\"https:\\\/\\\/piscine-exterieure.com\\\/\",\"logo\":{\"@type\":\"ImageObject\",\"inLanguage\":\"es\",\"@id\":\"https:\\\/\\\/piscine-exterieure.com\\\/#\\\/schema\\\/logo\\\/image\\\/\",\"url\":\"https:\\\/\\\/piscine-exterieure.com\\\/wp-content\\\/uploads\\\/2024\\\/08\\\/cropped-Site-Piscine-Exterieure.webp\",\"contentUrl\":\"https:\\\/\\\/piscine-exterieure.com\\\/wp-content\\\/uploads\\\/2024\\\/08\\\/cropped-Site-Piscine-Exterieure.webp\",\"width\":253,\"height\":123,\"caption\":\"Guide des piscines ext\u00e9rieures\"},\"image\":{\"@id\":\"https:\\\/\\\/piscine-exterieure.com\\\/#\\\/schema\\\/logo\\\/image\\\/\"},\"sameAs\":[\"https:\\\/\\\/www.facebook.com\\\/profile.php?id=61563576004909\",\"https:\\\/\\\/www.tiktok.com\\\/@piscine_exterieure\",\"https:\\\/\\\/www.youtube.com\\\/channel\\\/UCuQfJxfPxOrAeyx_qOBFupg\"]}]}<\/script>\n<!-- \/ Yoast SEO plugin. -->","yoast_head_json":{"title":"Etapas y plazos de construcci\u00f3n e instalaci\u00f3n de su piscina","description":"Una planificaci\u00f3n cuidadosa de la construcci\u00f3n de su piscina sentar\u00e1 unas bases s\u00f3lidas para el resto del proyecto.","robots":{"index":"index","follow":"follow","max-snippet":"max-snippet:-1","max-image-preview":"max-image-preview:large","max-video-preview":"max-video-preview:-1"},"canonical":"https:\/\/piscine-exterieure.com\/es\/etapas-de-la-construccion-de-una-piscina\/","og_locale":"es_ES","og_type":"article","og_title":"Etapes et d\u00e9lais de construction et installation de votre piscine","og_description":"La planification rigoureuse de la construction de votre piscine permet de poser des bases solides pour la suite du projet.","og_url":"https:\/\/piscine-exterieure.com\/es\/etapas-de-la-construccion-de-una-piscina\/","og_site_name":"Guide des piscines ext\u00e9rieures","article_publisher":"https:\/\/www.facebook.com\/profile.php?id=61563576004909","article_modified_time":"2024-08-16T06:52:46+00:00","og_image":[{"url":"https:\/\/piscine-exterieure.com\/wp-content\/uploads\/2024\/08\/Etapes-installation-piscine-3.webp","type":"","width":"","height":""}],"twitter_card":"summary_large_image","twitter_misc":{"Tiempo de lectura":"8 minutos"},"schema":{"@context":"https:\/\/schema.org","@graph":[{"@type":"WebPage","@id":"https:\/\/piscine-exterieure.com\/etapes-construction-piscine\/","url":"https:\/\/piscine-exterieure.com\/etapes-construction-piscine\/","name":"Etapas y plazos de construcci\u00f3n e instalaci\u00f3n de su piscina","isPartOf":{"@id":"https:\/\/piscine-exterieure.com\/#website"},"primaryImageOfPage":{"@id":"https:\/\/piscine-exterieure.com\/etapes-construction-piscine\/#primaryimage"},"image":{"@id":"https:\/\/piscine-exterieure.com\/etapes-construction-piscine\/#primaryimage"},"thumbnailUrl":"https:\/\/piscine-exterieure.com\/wp-content\/uploads\/2024\/08\/Etapes-installation-piscine-3.webp","datePublished":"2024-07-18T06:26:01+00:00","dateModified":"2024-08-16T06:52:46+00:00","description":"Una planificaci\u00f3n cuidadosa de la construcci\u00f3n de su piscina sentar\u00e1 unas bases s\u00f3lidas para el resto del proyecto.","breadcrumb":{"@id":"https:\/\/piscine-exterieure.com\/etapes-construction-piscine\/#breadcrumb"},"inLanguage":"es","potentialAction":[{"@type":"ReadAction","target":["https:\/\/piscine-exterieure.com\/etapes-construction-piscine\/"]}]},{"@type":"ImageObject","inLanguage":"es","@id":"https:\/\/piscine-exterieure.com\/etapes-construction-piscine\/#primaryimage","url":"https:\/\/piscine-exterieure.com\/wp-content\/uploads\/2024\/08\/Etapes-installation-piscine-3.webp","contentUrl":"https:\/\/piscine-exterieure.com\/wp-content\/uploads\/2024\/08\/Etapes-installation-piscine-3.webp"},{"@type":"BreadcrumbList","@id":"https:\/\/piscine-exterieure.com\/etapes-construction-piscine\/#breadcrumb","itemListElement":[{"@type":"ListItem","position":1,"name":"Accueil","item":"https:\/\/piscine-exterieure.com\/"},{"@type":"ListItem","position":2,"name":"Etapes d&rsquo;installation de votre piscine"}]},{"@type":"WebSite","@id":"https:\/\/piscine-exterieure.com\/#website","url":"https:\/\/piscine-exterieure.com\/","name":"Gu\u00eda de piscinas al aire libre","description":"","publisher":{"@id":"https:\/\/piscine-exterieure.com\/#organization"},"potentialAction":[{"@type":"SearchAction","target":{"@type":"EntryPoint","urlTemplate":"https:\/\/piscine-exterieure.com\/?s={search_term_string}"},"query-input":{"@type":"PropertyValueSpecification","valueRequired":true,"valueName":"search_term_string"}}],"inLanguage":"es"},{"@type":"Organization","@id":"https:\/\/piscine-exterieure.com\/#organization","name":"Gu\u00eda de piscinas al aire libre","url":"https:\/\/piscine-exterieure.com\/","logo":{"@type":"ImageObject","inLanguage":"es","@id":"https:\/\/piscine-exterieure.com\/#\/schema\/logo\/image\/","url":"https:\/\/piscine-exterieure.com\/wp-content\/uploads\/2024\/08\/cropped-Site-Piscine-Exterieure.webp","contentUrl":"https:\/\/piscine-exterieure.com\/wp-content\/uploads\/2024\/08\/cropped-Site-Piscine-Exterieure.webp","width":253,"height":123,"caption":"Guide des piscines ext\u00e9rieures"},"image":{"@id":"https:\/\/piscine-exterieure.com\/#\/schema\/logo\/image\/"},"sameAs":["https:\/\/www.facebook.com\/profile.php?id=61563576004909","https:\/\/www.tiktok.com\/@piscine_exterieure","https:\/\/www.youtube.com\/channel\/UCuQfJxfPxOrAeyx_qOBFupg"]}]}},"_links":{"self":[{"href":"https:\/\/piscine-exterieure.com\/es\/wp-json\/wp\/v2\/pages\/2159","targetHints":{"allow":["GET"]}}],"collection":[{"href":"https:\/\/piscine-exterieure.com\/es\/wp-json\/wp\/v2\/pages"}],"about":[{"href":"https:\/\/piscine-exterieure.com\/es\/wp-json\/wp\/v2\/types\/page"}],"author":[{"embeddable":true,"href":"https:\/\/piscine-exterieure.com\/es\/wp-json\/wp\/v2\/users\/1"}],"replies":[{"embeddable":true,"href":"https:\/\/piscine-exterieure.com\/es\/wp-json\/wp\/v2\/comments?post=2159"}],"version-history":[{"count":9,"href":"https:\/\/piscine-exterieure.com\/es\/wp-json\/wp\/v2\/pages\/2159\/revisions"}],"predecessor-version":[{"id":2535,"href":"https:\/\/piscine-exterieure.com\/es\/wp-json\/wp\/v2\/pages\/2159\/revisions\/2535"}],"wp:attachment":[{"href":"https:\/\/piscine-exterieure.com\/es\/wp-json\/wp\/v2\/media?parent=2159"}],"curies":[{"name":"wp","href":"https:\/\/api.w.org\/{rel}","templated":true}]}}