{"id":2460,"date":"2024-08-13T14:16:32","date_gmt":"2024-08-13T14:16:32","guid":{"rendered":"https:\/\/piscine-exterieure.com\/?page_id=2460"},"modified":"2024-08-13T14:17:21","modified_gmt":"2024-08-13T14:17:21","slug":"legal-information","status":"publish","type":"page","link":"https:\/\/piscine-exterieure.com\/en\/mentions-legales\/","title":{"rendered":"Legal information"},"content":{"rendered":"\n<h2 class=\"wp-block-heading\">\u00c9diteur du site<\/h2>\n\n\n\n<figure class=\"wp-block-image size-full\"><img loading=\"lazy\" decoding=\"async\" width=\"782\" height=\"172\" src=\"https:\/\/piscine-exterieure.com\/wp-content\/uploads\/2024\/08\/mentions-legales-1.1.png\" alt=\"\" class=\"wp-image-2465\" srcset=\"https:\/\/piscine-exterieure.com\/wp-content\/uploads\/2024\/08\/mentions-legales-1.1.png 782w, https:\/\/piscine-exterieure.com\/wp-content\/uploads\/2024\/08\/mentions-legales-1.1-300x66.png 300w, https:\/\/piscine-exterieure.com\/wp-content\/uploads\/2024\/08\/mentions-legales-1.1-768x169.png 768w\" sizes=\"auto, (max-width: 782px) 100vw, 782px\" \/><\/figure>\n\n\n\n<p><\/p>\n\n\n\n<h2 class=\"wp-block-heading\">H\u00e9bergement :<\/h2>\n\n\n\n<p>EASYHOSTER \/ PRESTATAIRE DE SERVICE \/ KIM COMMUNICATION LIMITED<br>Responsable l\u00e9gal : Nicolas Laruelle<br>Si\u00e8ge social : Unit B, 3\/F, Kai Wan House, 146 Tung Choi Street, Mongkok, Kowloon, 999077, Hong Kong<br>Num\u00e9ro d\u2019enregistrement ICRIS : 2114236<br>Email de contact : commercial [at] easyhoster.com ou contact [at] kim-communication.com<\/p>\n\n\n\n<h2 class=\"wp-block-heading\">Protection des donn\u00e9es personnelles<\/h2>\n\n\n\n<p>Le site \u00ab\u00a0Piscine Ext\u00e9rieure\u00a0\u00bb collecte les informations personnelles fournies par les utilisateurs \u00e0 l&rsquo;occasion de leur visite du site. Ces donn\u00e9es incluent : nom, adresse email, num\u00e9ro de t\u00e9l\u00e9phone, et adresse physique. Ces informations sont utilis\u00e9es pour la gestion des newsletters et des communications avec les partenaires.<br>Les utilisateurs ont le droit de demander l&rsquo;acc\u00e8s, la rectification ou la suppression de leurs donn\u00e9es personnelles en envoyant une demande \u00e0 <a>pexterieure@gmail.com<\/a>.<\/p>\n\n\n\n<h2 class=\"wp-block-heading\">Utilisation de cookies<\/h2>\n\n\n\n<p>Notre site utilise des cookies pour am\u00e9liorer l\u2019interactivit\u00e9 du site et nos services. Les utilisateurs peuvent d\u00e9sactiver l&rsquo;utilisation des cookies \u00e0 travers les param\u00e8tres de leur navigateur.<\/p>\n\n\n\n<h2 class=\"wp-block-heading\">Propri\u00e9t\u00e9 intellectuelle<\/h2>\n\n\n\n<figure class=\"wp-block-image size-large is-resized\"><img loading=\"lazy\" decoding=\"async\" width=\"1024\" height=\"111\" src=\"https:\/\/piscine-exterieure.com\/wp-content\/uploads\/2024\/08\/mentions-legales-1.2-2-1024x111.png\" alt=\"\" class=\"wp-image-2469\" style=\"width:1146px;height:auto\" srcset=\"https:\/\/piscine-exterieure.com\/wp-content\/uploads\/2024\/08\/mentions-legales-1.2-2-1024x111.png 1024w, https:\/\/piscine-exterieure.com\/wp-content\/uploads\/2024\/08\/mentions-legales-1.2-2-300x33.png 300w, https:\/\/piscine-exterieure.com\/wp-content\/uploads\/2024\/08\/mentions-legales-1.2-2-768x83.png 768w, https:\/\/piscine-exterieure.com\/wp-content\/uploads\/2024\/08\/mentions-legales-1.2-2.png 1206w\" sizes=\"auto, (max-width: 1024px) 100vw, 1024px\" \/><\/figure>\n\n\n\n<p><\/p>\n\n\n\n<h2 class=\"wp-block-heading\">Conditions d&rsquo;utilisation du site<\/h2>\n\n\n\n<p>L&rsquo;utilisation du site \u00ab\u00a0Piscine Ext\u00e9rieure\u00a0\u00bb est r\u00e9serv\u00e9e \u00e0 un usage personnel et non commercial. Les utilisateurs s&rsquo;engagent \u00e0 ne pas utiliser ce site \u00e0 des fins ill\u00e9gales ou interdites par les lois ou par les pr\u00e9sentes conditions d&rsquo;utilisation.<\/p>\n\n\n\n<h2 class=\"wp-block-heading\">Responsabilit\u00e9<\/h2>\n\n\n\n<figure class=\"wp-block-image size-large\"><img loading=\"lazy\" decoding=\"async\" width=\"1024\" height=\"181\" src=\"https:\/\/piscine-exterieure.com\/wp-content\/uploads\/2024\/08\/mentions-legales-1.3-1024x181.png\" alt=\"\" class=\"wp-image-2468\" srcset=\"https:\/\/piscine-exterieure.com\/wp-content\/uploads\/2024\/08\/mentions-legales-1.3-1024x181.png 1024w, https:\/\/piscine-exterieure.com\/wp-content\/uploads\/2024\/08\/mentions-legales-1.3-300x53.png 300w, https:\/\/piscine-exterieure.com\/wp-content\/uploads\/2024\/08\/mentions-legales-1.3-768x136.png 768w, https:\/\/piscine-exterieure.com\/wp-content\/uploads\/2024\/08\/mentions-legales-1.3.png 1166w\" sizes=\"auto, (max-width: 1024px) 100vw, 1024px\" \/><\/figure>\n\n\n\n<p><br>Ces mentions l\u00e9gales peuvent \u00eatre mises \u00e0 jour \u00e0 tout moment et sans pr\u00e9avis. Les utilisateurs sont encourag\u00e9s \u00e0 les consulter r\u00e9guli\u00e8rement.<\/p>\n\n\n\n<p><\/p>\n","protected":false},"excerpt":{"rendered":"<p>\u00c9diteur du site H\u00e9bergement : EASYHOSTER \/ PRESTATAIRE DE SERVICE \/ KIM COMMUNICATION LIMITEDResponsable l\u00e9gal : Nicolas LaruelleSi\u00e8ge social : Unit B, 3\/F, Kai Wan House, 146 Tung Choi Street, Mongkok, Kowloon, 999077, Hong KongNum\u00e9ro d\u2019enregistrement ICRIS : 2114236Email de contact : commercial [at] easyhoster.com ou contact [at] kim-communication.com Protection des donn\u00e9es personnelles Le site &#8230; <a title=\"Mentions l\u00e9gales\" class=\"read-more\" href=\"https:\/\/piscine-exterieure.com\/en\/mentions-legales\/\" aria-label=\"Read more about Mentions l\u00e9gales\">Read more<\/a><\/p>\n","protected":false},"author":1,"featured_media":0,"parent":0,"menu_order":0,"comment_status":"closed","ping_status":"closed","template":"","meta":{"footnotes":""},"class_list":["post-2460","page","type-page","status-publish"],"yoast_head":"<!-- This site is optimized with the Yoast SEO plugin v27.4 - https:\/\/yoast.com\/product\/yoast-seo-wordpress\/ -->\n<title>Mentions l\u00e9gales - Guide des piscines ext\u00e9rieures<\/title>\n<meta name=\"robots\" content=\"noindex, nofollow\" \/>\n<meta property=\"og:locale\" content=\"en_GB\" \/>\n<meta property=\"og:type\" content=\"article\" \/>\n<meta property=\"og:title\" content=\"Mentions l\u00e9gales - Guide des piscines ext\u00e9rieures\" \/>\n<meta property=\"og:description\" content=\"\u00c9diteur du site H\u00e9bergement : EASYHOSTER \/ PRESTATAIRE DE SERVICE \/ KIM COMMUNICATION LIMITEDResponsable l\u00e9gal : Nicolas LaruelleSi\u00e8ge social : Unit B, 3\/F, Kai Wan House, 146 Tung Choi Street, Mongkok, Kowloon, 999077, Hong KongNum\u00e9ro d\u2019enregistrement ICRIS : 2114236Email de contact : commercial [at] easyhoster.com ou contact [at] kim-communication.com Protection des donn\u00e9es personnelles Le site ... Read more\" \/>\n<meta property=\"og:url\" content=\"https:\/\/piscine-exterieure.com\/en\/legal-information\/\" \/>\n<meta property=\"og:site_name\" content=\"Guide des piscines ext\u00e9rieures\" \/>\n<meta property=\"article:publisher\" content=\"https:\/\/www.facebook.com\/profile.php?id=61563576004909\" \/>\n<meta property=\"article:modified_time\" content=\"2024-08-13T14:17:21+00:00\" \/>\n<meta property=\"og:image\" content=\"https:\/\/piscine-exterieure.com\/wp-content\/uploads\/2024\/08\/mentions-legales-1.1.png\" \/>\n<meta name=\"twitter:card\" content=\"summary_large_image\" \/>\n<meta name=\"twitter:label1\" content=\"Estimated reading time\" \/>\n\t<meta name=\"twitter:data1\" content=\"2 minutes\" \/>\n<script type=\"application\/ld+json\" class=\"yoast-schema-graph\">{\"@context\":\"https:\\\/\\\/schema.org\",\"@graph\":[{\"@type\":\"WebPage\",\"@id\":\"https:\\\/\\\/piscine-exterieure.com\\\/mentions-legales\\\/\",\"url\":\"https:\\\/\\\/piscine-exterieure.com\\\/mentions-legales\\\/\",\"name\":\"Mentions l\u00e9gales - Guide des piscines ext\u00e9rieures\",\"isPartOf\":{\"@id\":\"https:\\\/\\\/piscine-exterieure.com\\\/#website\"},\"primaryImageOfPage\":{\"@id\":\"https:\\\/\\\/piscine-exterieure.com\\\/mentions-legales\\\/#primaryimage\"},\"image\":{\"@id\":\"https:\\\/\\\/piscine-exterieure.com\\\/mentions-legales\\\/#primaryimage\"},\"thumbnailUrl\":\"https:\\\/\\\/piscine-exterieure.com\\\/wp-content\\\/uploads\\\/2024\\\/08\\\/mentions-legales-1.1.png\",\"datePublished\":\"2024-08-13T14:16:32+00:00\",\"dateModified\":\"2024-08-13T14:17:21+00:00\",\"breadcrumb\":{\"@id\":\"https:\\\/\\\/piscine-exterieure.com\\\/mentions-legales\\\/#breadcrumb\"},\"inLanguage\":\"en-GB\",\"potentialAction\":[{\"@type\":\"ReadAction\",\"target\":[\"https:\\\/\\\/piscine-exterieure.com\\\/mentions-legales\\\/\"]}]},{\"@type\":\"ImageObject\",\"inLanguage\":\"en-GB\",\"@id\":\"https:\\\/\\\/piscine-exterieure.com\\\/mentions-legales\\\/#primaryimage\",\"url\":\"https:\\\/\\\/piscine-exterieure.com\\\/wp-content\\\/uploads\\\/2024\\\/08\\\/mentions-legales-1.1.png\",\"contentUrl\":\"https:\\\/\\\/piscine-exterieure.com\\\/wp-content\\\/uploads\\\/2024\\\/08\\\/mentions-legales-1.1.png\"},{\"@type\":\"BreadcrumbList\",\"@id\":\"https:\\\/\\\/piscine-exterieure.com\\\/mentions-legales\\\/#breadcrumb\",\"itemListElement\":[{\"@type\":\"ListItem\",\"position\":1,\"name\":\"Accueil\",\"item\":\"https:\\\/\\\/piscine-exterieure.com\\\/\"},{\"@type\":\"ListItem\",\"position\":2,\"name\":\"Mentions l\u00e9gales\"}]},{\"@type\":\"WebSite\",\"@id\":\"https:\\\/\\\/piscine-exterieure.com\\\/#website\",\"url\":\"https:\\\/\\\/piscine-exterieure.com\\\/\",\"name\":\"Guide des piscines ext\u00e9rieures\",\"description\":\"\",\"publisher\":{\"@id\":\"https:\\\/\\\/piscine-exterieure.com\\\/#organization\"},\"potentialAction\":[{\"@type\":\"SearchAction\",\"target\":{\"@type\":\"EntryPoint\",\"urlTemplate\":\"https:\\\/\\\/piscine-exterieure.com\\\/?s={search_term_string}\"},\"query-input\":{\"@type\":\"PropertyValueSpecification\",\"valueRequired\":true,\"valueName\":\"search_term_string\"}}],\"inLanguage\":\"en-GB\"},{\"@type\":\"Organization\",\"@id\":\"https:\\\/\\\/piscine-exterieure.com\\\/#organization\",\"name\":\"Guide des piscines ext\u00e9rieures\",\"url\":\"https:\\\/\\\/piscine-exterieure.com\\\/\",\"logo\":{\"@type\":\"ImageObject\",\"inLanguage\":\"en-GB\",\"@id\":\"https:\\\/\\\/piscine-exterieure.com\\\/#\\\/schema\\\/logo\\\/image\\\/\",\"url\":\"https:\\\/\\\/piscine-exterieure.com\\\/wp-content\\\/uploads\\\/2024\\\/08\\\/cropped-Site-Piscine-Exterieure.webp\",\"contentUrl\":\"https:\\\/\\\/piscine-exterieure.com\\\/wp-content\\\/uploads\\\/2024\\\/08\\\/cropped-Site-Piscine-Exterieure.webp\",\"width\":253,\"height\":123,\"caption\":\"Guide des piscines ext\u00e9rieures\"},\"image\":{\"@id\":\"https:\\\/\\\/piscine-exterieure.com\\\/#\\\/schema\\\/logo\\\/image\\\/\"},\"sameAs\":[\"https:\\\/\\\/www.facebook.com\\\/profile.php?id=61563576004909\",\"https:\\\/\\\/www.tiktok.com\\\/@piscine_exterieure\",\"https:\\\/\\\/www.youtube.com\\\/channel\\\/UCuQfJxfPxOrAeyx_qOBFupg\"]}]}<\/script>\n<!-- \/ Yoast SEO plugin. -->","yoast_head_json":{"title":"Legal information - Outdoor swimming pool guide","robots":{"index":"noindex","follow":"nofollow"},"og_locale":"en_GB","og_type":"article","og_title":"Mentions l\u00e9gales - Guide des piscines ext\u00e9rieures","og_description":"\u00c9diteur du site H\u00e9bergement : EASYHOSTER \/ PRESTATAIRE DE SERVICE \/ KIM COMMUNICATION LIMITEDResponsable l\u00e9gal : Nicolas LaruelleSi\u00e8ge social : Unit B, 3\/F, Kai Wan House, 146 Tung Choi Street, Mongkok, Kowloon, 999077, Hong KongNum\u00e9ro d\u2019enregistrement ICRIS : 2114236Email de contact : commercial [at] easyhoster.com ou contact [at] kim-communication.com Protection des donn\u00e9es personnelles Le site ... Read more","og_url":"https:\/\/piscine-exterieure.com\/en\/legal-information\/","og_site_name":"Guide des piscines ext\u00e9rieures","article_publisher":"https:\/\/www.facebook.com\/profile.php?id=61563576004909","article_modified_time":"2024-08-13T14:17:21+00:00","og_image":[{"url":"https:\/\/piscine-exterieure.com\/wp-content\/uploads\/2024\/08\/mentions-legales-1.1.png","type":"","width":"","height":""}],"twitter_card":"summary_large_image","twitter_misc":{"Estimated reading time":"2 minutes"},"schema":{"@context":"https:\/\/schema.org","@graph":[{"@type":"WebPage","@id":"https:\/\/piscine-exterieure.com\/mentions-legales\/","url":"https:\/\/piscine-exterieure.com\/mentions-legales\/","name":"Legal information - Outdoor swimming pool guide","isPartOf":{"@id":"https:\/\/piscine-exterieure.com\/#website"},"primaryImageOfPage":{"@id":"https:\/\/piscine-exterieure.com\/mentions-legales\/#primaryimage"},"image":{"@id":"https:\/\/piscine-exterieure.com\/mentions-legales\/#primaryimage"},"thumbnailUrl":"https:\/\/piscine-exterieure.com\/wp-content\/uploads\/2024\/08\/mentions-legales-1.1.png","datePublished":"2024-08-13T14:16:32+00:00","dateModified":"2024-08-13T14:17:21+00:00","breadcrumb":{"@id":"https:\/\/piscine-exterieure.com\/mentions-legales\/#breadcrumb"},"inLanguage":"en-GB","potentialAction":[{"@type":"ReadAction","target":["https:\/\/piscine-exterieure.com\/mentions-legales\/"]}]},{"@type":"ImageObject","inLanguage":"en-GB","@id":"https:\/\/piscine-exterieure.com\/mentions-legales\/#primaryimage","url":"https:\/\/piscine-exterieure.com\/wp-content\/uploads\/2024\/08\/mentions-legales-1.1.png","contentUrl":"https:\/\/piscine-exterieure.com\/wp-content\/uploads\/2024\/08\/mentions-legales-1.1.png"},{"@type":"BreadcrumbList","@id":"https:\/\/piscine-exterieure.com\/mentions-legales\/#breadcrumb","itemListElement":[{"@type":"ListItem","position":1,"name":"Accueil","item":"https:\/\/piscine-exterieure.com\/"},{"@type":"ListItem","position":2,"name":"Mentions l\u00e9gales"}]},{"@type":"WebSite","@id":"https:\/\/piscine-exterieure.com\/#website","url":"https:\/\/piscine-exterieure.com\/","name":"Guide to outdoor pools","description":"","publisher":{"@id":"https:\/\/piscine-exterieure.com\/#organization"},"potentialAction":[{"@type":"SearchAction","target":{"@type":"EntryPoint","urlTemplate":"https:\/\/piscine-exterieure.com\/?s={search_term_string}"},"query-input":{"@type":"PropertyValueSpecification","valueRequired":true,"valueName":"search_term_string"}}],"inLanguage":"en-GB"},{"@type":"Organization","@id":"https:\/\/piscine-exterieure.com\/#organization","name":"Guide to outdoor pools","url":"https:\/\/piscine-exterieure.com\/","logo":{"@type":"ImageObject","inLanguage":"en-GB","@id":"https:\/\/piscine-exterieure.com\/#\/schema\/logo\/image\/","url":"https:\/\/piscine-exterieure.com\/wp-content\/uploads\/2024\/08\/cropped-Site-Piscine-Exterieure.webp","contentUrl":"https:\/\/piscine-exterieure.com\/wp-content\/uploads\/2024\/08\/cropped-Site-Piscine-Exterieure.webp","width":253,"height":123,"caption":"Guide des piscines ext\u00e9rieures"},"image":{"@id":"https:\/\/piscine-exterieure.com\/#\/schema\/logo\/image\/"},"sameAs":["https:\/\/www.facebook.com\/profile.php?id=61563576004909","https:\/\/www.tiktok.com\/@piscine_exterieure","https:\/\/www.youtube.com\/channel\/UCuQfJxfPxOrAeyx_qOBFupg"]}]}},"_links":{"self":[{"href":"https:\/\/piscine-exterieure.com\/en\/wp-json\/wp\/v2\/pages\/2460","targetHints":{"allow":["GET"]}}],"collection":[{"href":"https:\/\/piscine-exterieure.com\/en\/wp-json\/wp\/v2\/pages"}],"about":[{"href":"https:\/\/piscine-exterieure.com\/en\/wp-json\/wp\/v2\/types\/page"}],"author":[{"embeddable":true,"href":"https:\/\/piscine-exterieure.com\/en\/wp-json\/wp\/v2\/users\/1"}],"replies":[{"embeddable":true,"href":"https:\/\/piscine-exterieure.com\/en\/wp-json\/wp\/v2\/comments?post=2460"}],"version-history":[{"count":4,"href":"https:\/\/piscine-exterieure.com\/en\/wp-json\/wp\/v2\/pages\/2460\/revisions"}],"predecessor-version":[{"id":2473,"href":"https:\/\/piscine-exterieure.com\/en\/wp-json\/wp\/v2\/pages\/2460\/revisions\/2473"}],"wp:attachment":[{"href":"https:\/\/piscine-exterieure.com\/en\/wp-json\/wp\/v2\/media?parent=2460"}],"curies":[{"name":"wp","href":"https:\/\/api.w.org\/{rel}","templated":true}]}}