{"id":2335,"date":"2024-07-31T08:53:25","date_gmt":"2024-07-31T08:53:25","guid":{"rendered":"https:\/\/piscine-exterieure.com\/?page_id=2335"},"modified":"2024-08-16T08:26:41","modified_gmt":"2024-08-16T08:26:41","slug":"seinen-pool-auswahlen","status":"publish","type":"page","link":"https:\/\/piscine-exterieure.com\/de\/choisir-sa-piscine\/","title":{"rendered":"Welches Material sollte man f\u00fcr seinen Pool w\u00e4hlen?"},"content":{"rendered":"<div class=\"gb-container gb-container-9842a29d\">\n<div class=\"gb-container gb-container-6159a4b1\">\n<div class=\"gb-container gb-container-8e2391e3\">\n<div class=\"gb-container gb-container-bd0f693e\">\n\n<h1 class=\"gb-headline gb-headline-da217663 gb-headline-text\">Swimmingpools aus Holz, Beton, Bausatz... Wie w\u00e4hle ich?<\/h1>\n\n\n\n<p class=\"gb-headline gb-headline-dde44a75\"><span class=\"gb-icon\"><svg viewbox=\"0 0 200 89.68\" xmlns=\"http:\/\/www.w3.org\/2000\/svg\" data-name=\"Layer 1\"><path d=\"M100 26.67c26.16 0 41.14-17.89 67.65-17.89 10.5 0 22.63 3.14 32.35 7.88V8.22C190.47 3.33 178.17 0 167.65 0c-26 0-41 17.89-67.65 17.89S58.33 0 32.35 0C21.83 0 9.52 3.33 0 8.22v8.44c9.72-4.74 21.85-7.88 32.35-7.88 26.51 0 41.49 17.89 67.65 17.89Zm100 53v-8.44c-9.53-4.89-21.83-8.23-32.35-8.23-26 0-41 17.89-67.66 17.89S58.31 63 32.35 63C21.83 63 9.52 66.34 0 71.23v8.45c9.72-4.75 21.85-7.89 32.35-7.89 26.49 0 41.5 17.89 67.64 17.89s41.15-17.89 67.65-17.89c10.51 0 22.64 3.14 32.36 7.89Zm-100-22c26.15 0 41.14-17.88 67.65-17.88 10.5 0 22.63 3.14 32.35 7.88v-8.43c-9.53-4.89-21.83-8.24-32.35-8.24-26 0-41 17.9-67.65 17.9S58.31 31 32.35 31C21.83 31 9.52 34.35 0 39.24v8.45c9.72-4.69 21.85-7.88 32.35-7.88 26.51 0 41.5 17.88 67.65 17.88Z\"><\/path><\/svg><\/span><span class=\"gb-headline-text\">Vorteile, Nachteile, Preis<\/span><\/p>\n\n<\/div>\n<\/div>\n<\/div>\n<\/div>\n\n<div class=\"gb-container gb-container-95595047\">\n<div class=\"gb-grid-wrapper gb-grid-wrapper-dba57b9c\">\n<div class=\"gb-grid-column gb-grid-column-ede4c881\"><div class=\"gb-container gb-container-ede4c881\">\n\n<a class=\"gb-button gb-button-beea65a6\" href=\"https:\/\/piscine-exterieure.com\/de\/bausatzschwimmbader\/\"><span class=\"gb-button-text\">Swimmingpool im Bausatz<\/span><span class=\"gb-icon\"><svg viewbox=\"0 0 40 25.81\" xmlns=\"http:\/\/www.w3.org\/2000\/svg\" data-name=\"Layer 1\"><path d=\"M1.55 14.46H34.7l-8.7 8.7a1.55 1.55 0 1 0 2.19 2.19L39.54 14a1.53 1.53 0 0 0 0-2.19L28.19.45A1.55 1.55 0 1 0 26 2.65l8.7 8.7H1.55a1.56 1.56 0 0 0 0 3.11Z\"><\/path><\/svg><\/span><\/a>\n\n<\/div><\/div>\n\n<div class=\"gb-grid-column gb-grid-column-772e9171\"><div class=\"gb-container gb-container-772e9171\">\n\n<a class=\"gb-button gb-button-aca14a74\" href=\"https:\/\/piscine-exterieure.com\/de\/containerpools\/\"><span class=\"gb-button-text\">Container-Pool<\/span><span class=\"gb-icon\"><svg viewbox=\"0 0 40 25.81\" xmlns=\"http:\/\/www.w3.org\/2000\/svg\" data-name=\"Layer 1\"><path d=\"M1.55 14.46H34.7l-8.7 8.7a1.55 1.55 0 1 0 2.19 2.19L39.54 14a1.53 1.53 0 0 0 0-2.19L28.19.45A1.55 1.55 0 1 0 26 2.65l8.7 8.7H1.55a1.56 1.56 0 0 0 0 3.11Z\"><\/path><\/svg><\/span><\/a>\n\n<\/div><\/div>\n\n<div class=\"gb-grid-column gb-grid-column-4c106eed\"><div class=\"gb-container gb-container-4c106eed\">\n\n<a class=\"gb-button gb-button-c1dcddf3\" href=\"https:\/\/piscine-exterieure.com\/de\/minischwimmbader\/\"><span class=\"gb-button-text\">Mini-Pool<\/span><span class=\"gb-icon\"><svg viewbox=\"0 0 40 25.81\" xmlns=\"http:\/\/www.w3.org\/2000\/svg\" data-name=\"Layer 1\"><path d=\"M1.55 14.46H34.7l-8.7 8.7a1.55 1.55 0 1 0 2.19 2.19L39.54 14a1.53 1.53 0 0 0 0-2.19L28.19.45A1.55 1.55 0 1 0 26 2.65l8.7 8.7H1.55a1.56 1.56 0 0 0 0 3.11Z\"><\/path><\/svg><\/span><\/a>\n\n<\/div><\/div>\n\n<div class=\"gb-grid-column gb-grid-column-5a5ef7a8\"><div class=\"gb-container gb-container-5a5ef7a8\">\n\n<a class=\"gb-button gb-button-6dee48d3\" href=\"https:\/\/piscine-exterieure.com\/de\/oberirdische-holzpools\/\"><span class=\"gb-button-text\">Swimmingpool aus Holz<\/span><span class=\"gb-icon\"><svg viewbox=\"0 0 40 25.81\" xmlns=\"http:\/\/www.w3.org\/2000\/svg\" data-name=\"Layer 1\"><path d=\"M1.55 14.46H34.7l-8.7 8.7a1.55 1.55 0 1 0 2.19 2.19L39.54 14a1.53 1.53 0 0 0 0-2.19L28.19.45A1.55 1.55 0 1 0 26 2.65l8.7 8.7H1.55a1.56 1.56 0 0 0 0 3.11Z\"><\/path><\/svg><\/span><\/a>\n\n<\/div><\/div>\n<\/div>\n<\/div>\n\n<div class=\"gb-container gb-container-17cea3e7\">\n<div class=\"gb-container gb-container-cb639460\">\n<div class=\"gb-container gb-container-3d60e316\">\n<div class=\"gb-container gb-container-b2455803\">\n\n<div class=\"gb-headline gb-headline-98068e6d gb-headline-text\">Pooltypen und Materialien<\/div>\n\n<\/div>\n<\/div>\n\n\n<p class=\"gb-headline gb-headline-7972dccd gb-headline-text\">Die Wahl des idealen Swimmingpools ist wie die Wahl eines neuen Autos: Man muss gut \u00fcberlegen, bevor man loslegt! Egal, ob Sie sich an hei\u00dfen Sommertagen abk\u00fchlen oder Ihre Freunde mit unvergesslichen Poolpartys beeindrucken wollen, dieser Ratgeber ist genau das Richtige f\u00fcr Sie. Unser Ziel ist es, Ihnen alle M\u00f6glichkeiten aufzuzeigen, die Ihnen zur Verf\u00fcgung stehen, Fallen zu vermeiden und vor allem DEN Pool zu finden, der zu Ihnen passt.<\/p>\n\n\n\n<div class=\"gb-headline gb-headline-4dddca7d gb-headline-text\">Definieren Sie Ihre Bed\u00fcrfnisse und W\u00fcnsche <\/div>\n\n\n\n<p>Bevor Sie sich ins Wasser st\u00fcrzen, ist es wichtig, dass Sie Ihre Bed\u00fcrfnisse und W\u00fcnsche klar erkennen. Stellen Sie sich die entscheidende Frage: Wozu soll mein Pool dienen? Wenn Sie jeden Morgen Ihre Bahnen ziehen wollen, ist ein rechteckiger Pool mit ausreichender L\u00e4nge am besten geeignet. Zum Spielen mit den Kindern oder zum Entspannen k\u00f6nnte eine freie Form besser geeignet sein. Es ist wichtig, auch an den verf\u00fcgbaren Platz in Ihrem Garten zu denken. Es gilt, das richtige Gleichgewicht zwischen einem ausreichend gro\u00dfen Pool und einem Garten zu finden, der nicht zu klein wird. Und schlie\u00dflich das A und O: das Budget. Zwischen den anf\u00e4nglichen Kosten f\u00fcr den Pool und den Wartungskosten ist es besser zu wissen, worauf Sie sich einlassen. Ein Swimmingpool ist eine Investition, aber auch eine Menge Spa\u00df in Aussicht! Es ist also wichtig, sich nicht zu verfehlen!<\/p>\n\n\n\n<div class=\"gb-headline gb-headline-746017dd gb-headline-text\">Die verschiedenen Arten von Pools<\/div>\n\n\n\n<p class=\"gb-headline gb-headline-b8c3d32c gb-headline-text\">Sind Sie bereit, den Pooltyp zu w\u00e4hlen, der Ihren Garten in ein wahres Wasserparadies verwandelt?<\/p>\n\n\n\n<h2 class=\"wp-block-heading\">Aufstellpools<\/h2>\n\n\n\n<p>Wir beginnen mit den Aufstellpools. Sie sind die Meister des schnellen Aufbaus und der geringen Kosten. Die Schritte sind ultraeinfach: Sie bauen den Pool auf, bef\u00fcllen ihn und fertig! <\/p>\n\n\n\n<p>Die gro\u00dfen M\u00e4ngel: Haltbarkeit und \u00c4sthetik. <\/p>\n\n\n\n<p>Zusammenfassend l\u00e4sst sich sagen, dass dies eine schnelle und effektive L\u00f6sung ist, um im Notfall die Sommerhitze zu genie\u00dfen.<\/p>\n\n\n\n<h2 class=\"wp-block-heading\">Halb versenkte Pools<\/h2>\n\n\n\n<p>Diese Pools stellen oft den idealen Kompromiss dar. Sie kombinieren eine bessere \u00c4sthetik als Aufstellpools und sind gleichzeitig erschwinglicher als in den Boden eingelassene Pools. Die Installation ist zwar komplizierter, aber das Ergebnis ist oft die M\u00fche wert.<\/p>\n\n\n\n<h2 class=\"wp-block-heading\">Eingegrabene Pools<\/h2>\n\n\n\n<p>Der Rolls-Royce unter den Swimmingpools! Sie sind langlebig, k\u00f6nnen endlos individuell gestaltet werden und werten Ihr Haus wirklich auf. Daf\u00fcr ist die finanzielle Investition entsprechend hoch und die Bauarbeiten umfangreich. <\/p>\n\n\n\n<div class=\"gb-headline gb-headline-2751bd18 gb-headline-text\">Die Baumaterialien<\/div>\n\n\n\n<p class=\"gb-headline gb-headline-834d18f5 gb-headline-text\">Die verschiedenen Materialien, aus denen Sie Ihren Pool bauen, haben alle ihre Vor- und Nachteile. \u00dcberblick<\/p>\n\n\n\n<h2 class=\"wp-block-heading\">Pools aus Beton<\/h2>\n\n\n\n<p>Seine wichtigsten St\u00e4rken? Robustheit und individuelle Gestaltung. Mit einem Pool aus Beton k\u00f6nnen Sie Ihrer Fantasie freien Lauf lassen: Formen, Gr\u00f6\u00dfen, Ausf\u00fchrungen... alles ist m\u00f6glich! Allerdings sind die Kosten hoch und die Bauarbeiten k\u00f6nnen eine gewisse Zeit in Anspruch nehmen.<\/p>\n\n\n\n<p>Die gro\u00dfen M\u00e4ngel: Haltbarkeit und \u00c4sthetik.<\/p>\n\n\n\n<p>Zusammenfassend l\u00e4sst sich sagen, dass dies eine schnelle und effektive L\u00f6sung ist, um im Notfall die Sommerhitze zu genie\u00dfen.<\/p>\n\n\n\n<h2 class=\"wp-block-heading\">Pools aus Polyesterschalen<\/h2>\n\n\n\n<p>Wenn Ihre Priorit\u00e4ten eine schnelle Installation und geringere Kosten sind, sind Schalenpools die beste L\u00f6sung.<\/p>\n\n\n\n<p>Die Schale wird in der Fabrik hergestellt und in Rekordzeit in Ihrem Garten aufgestellt. Was ist der Nachteil? Weniger M\u00f6glichkeiten zur individuellen Gestaltung und ein Risiko der Osmose mit der Zeit (vorzeitiges Altern der Schale).<\/p>\n\n\n\n<p>Bei guter Pflege kann der Schalenpool lange halten<\/p>\n\n\n\n<h2 class=\"wp-block-heading\"><a href=\"https:\/\/piscine-exterieure.com\/de\/bausatzschwimmbader\/\">Swimmingpools im Bausatz<\/a><\/h2>\n\n\n\n<p>Wenn Ihre Priorit\u00e4ten eine schnelle Installation und geringere Kosten sind, sind Schalenpools die beste L\u00f6sung.<\/p>\n\n\n\n<p>Die Schale wird in der Fabrik hergestellt und in Rekordzeit in Ihrem Garten aufgestellt. Was ist der Nachteil? Weniger M\u00f6glichkeiten zur individuellen Gestaltung und ein Risiko der Osmose mit der Zeit (vorzeitiges Altern der Schale).<\/p>\n\n\n\n<p>Bei guter Pflege kann der Schalenpool lange halten.<\/p>\n\n\n\n<h2 class=\"wp-block-heading\">Swimmingpools aus Holz<\/h2>\n\n\n\n<p>Sind Sie auf der Suche nach einem nat\u00fcrlichen und warmen Look? Ein Holzpool ist eine reizvolle Option. Er f\u00fcgt sich perfekt in einen Garten ein und bietet eine sehr ansprechende \u00c4sthetik. Allerdings muss Holz regelm\u00e4\u00dfig gepflegt werden, damit es nicht mit der Zeit verwittert. Und achten Sie auf Sch\u00e4dlinge! Mit der richtigen Behandlung kann Ihr Holzpool jedoch zu einer wahren Oase der Ruhe werden.<\/p>\n\n\n\n<h2 class=\"wp-block-heading\">Swimmingpools aus Stahl<\/h2>\n\n\n\n<p>Stahl ist die Garantie f\u00fcr Solidit\u00e4t und Langlebigkeit. Stahlpools sind sto\u00dffest, witterungsbest\u00e4ndig und kosteng\u00fcnstig. Sie k\u00f6nnen schnell aufgebaut werden und sind oft in Form und Gr\u00f6\u00dfe variabel. Der einzige Nachteil ist, dass sich Stahl in der Sonne aufheizen kann, daher sollte man gut \u00fcber Schutz und Isolierung nachdenken. Aber was die Robustheit angeht, sind sie solide!<\/p>\n\n<\/div>\n<\/div>\n\n<div class=\"gb-container gb-container-e129ac26\">\n\n<h3 class=\"gb-headline gb-headline-3a42454d\"><span class=\"gb-icon\"><svg viewbox=\"0 0 200 89.68\" xmlns=\"http:\/\/www.w3.org\/2000\/svg\" data-name=\"Layer 1\"><path d=\"M100 26.67c26.16 0 41.14-17.89 67.65-17.89 10.5 0 22.63 3.14 32.35 7.88V8.22C190.47 3.33 178.17 0 167.65 0c-26 0-41 17.89-67.65 17.89S58.33 0 32.35 0C21.83 0 9.52 3.33 0 8.22v8.44c9.72-4.74 21.85-7.88 32.35-7.88 26.51 0 41.49 17.89 67.65 17.89Zm100 53v-8.44c-9.53-4.89-21.83-8.23-32.35-8.23-26 0-41 17.89-67.66 17.89S58.31 63 32.35 63C21.83 63 9.52 66.34 0 71.23v8.45c9.72-4.75 21.85-7.89 32.35-7.89 26.49 0 41.5 17.89 67.64 17.89s41.15-17.89 67.65-17.89c10.51 0 22.64 3.14 32.36 7.89Zm-100-22c26.15 0 41.14-17.88 67.65-17.88 10.5 0 22.63 3.14 32.35 7.88v-8.43c-9.53-4.89-21.83-8.24-32.35-8.24-26 0-41 17.9-67.65 17.9S58.31 31 32.35 31C21.83 31 9.52 34.35 0 39.24v8.45c9.72-4.69 21.85-7.88 32.35-7.88 26.51 0 41.5 17.88 67.65 17.88Z\"><\/path><\/svg><\/span><span class=\"gb-headline-text\"><\/span><\/h3>\n\n<\/div>","protected":false},"excerpt":{"rendered":"<p>Swimmingpools aus Holz, Beton, Bausatz... Wie soll man sich entscheiden? Vorteile, Nachteile, Preise Pooltypen und Materialien Die Wahl des idealen Pools ist ein bisschen wie die Wahl eines neuen Autos: Man muss gut \u00fcberlegen, bevor man loslegt! Ob Sie nun an hei\u00dfen Sommertagen ein wenig Abk\u00fchlung suchen oder ob Sie sich einen Pool w\u00fcnschen, der ... <a title=\"Welches Material sollte man f\u00fcr seinen Pool w\u00e4hlen?\" class=\"read-more\" href=\"https:\/\/piscine-exterieure.com\/de\/choisir-sa-piscine\/\" aria-label=\"Mehr Informationen \u00fcber Welches Material sollte man f\u00fcr seinen Pool w\u00e4hlen?\">Weiterlesen ...<\/a><\/p>","protected":false},"author":1,"featured_media":0,"parent":0,"menu_order":0,"comment_status":"closed","ping_status":"closed","template":"","meta":{"footnotes":""},"class_list":["post-2335","page","type-page","status-publish"],"yoast_head":"<!-- This site is optimized with the Yoast SEO plugin v27.4 - https:\/\/yoast.com\/product\/yoast-seo-wordpress\/ -->\n<title>Piscine bois, b\u00e9ton, kit, coque, acier\u2026 Comment choisir ?<\/title>\n<meta name=\"description\" content=\"Choisir la piscine id\u00e9ale, c\u2019est un peu comme choisir une nouvelle voiture : il faut bien r\u00e9fl\u00e9chir avant de se lancer !\" \/>\n<meta name=\"robots\" content=\"index, follow, max-snippet:-1, max-image-preview:large, max-video-preview:-1\" \/>\n<link rel=\"canonical\" href=\"https:\/\/piscine-exterieure.com\/de\/seinen-pool-auswahlen\/\" \/>\n<meta property=\"og:locale\" content=\"de_DE\" \/>\n<meta property=\"og:type\" content=\"article\" \/>\n<meta property=\"og:title\" content=\"Piscine bois, b\u00e9ton, kit, coque, acier\u2026 Comment choisir ?\" \/>\n<meta property=\"og:description\" content=\"Choisir la piscine id\u00e9ale, c\u2019est un peu comme choisir une nouvelle voiture : il faut bien r\u00e9fl\u00e9chir avant de se lancer !\" \/>\n<meta property=\"og:url\" content=\"https:\/\/piscine-exterieure.com\/de\/seinen-pool-auswahlen\/\" \/>\n<meta property=\"og:site_name\" content=\"Guide des piscines ext\u00e9rieures\" \/>\n<meta property=\"article:publisher\" content=\"https:\/\/www.facebook.com\/profile.php?id=61563576004909\" \/>\n<meta property=\"article:modified_time\" content=\"2024-08-16T08:26:41+00:00\" \/>\n<meta property=\"og:image\" content=\"https:\/\/piscine-exterieure.com\/wp-content\/uploads\/2024\/07\/Piscine-construction.webp\" \/>\n\t<meta property=\"og:image:width\" content=\"1280\" \/>\n\t<meta property=\"og:image:height\" content=\"720\" \/>\n\t<meta property=\"og:image:type\" content=\"image\/webp\" \/>\n<meta name=\"twitter:card\" content=\"summary_large_image\" \/>\n<meta name=\"twitter:label1\" content=\"Gesch\u00e4tzte Lesezeit\" \/>\n\t<meta name=\"twitter:data1\" content=\"4\u00a0Minuten\" \/>\n<script type=\"application\/ld+json\" class=\"yoast-schema-graph\">{\"@context\":\"https:\\\/\\\/schema.org\",\"@graph\":[{\"@type\":\"WebPage\",\"@id\":\"https:\\\/\\\/piscine-exterieure.com\\\/pt\\\/escolher-a-sua-piscina\\\/\",\"url\":\"https:\\\/\\\/piscine-exterieure.com\\\/pt\\\/escolher-a-sua-piscina\\\/\",\"name\":\"Piscine bois, b\u00e9ton, kit, coque, acier\u2026 Comment choisir ?\",\"isPartOf\":{\"@id\":\"https:\\\/\\\/piscine-exterieure.com\\\/#website\"},\"datePublished\":\"2024-07-31T08:53:25+00:00\",\"dateModified\":\"2024-08-16T08:26:41+00:00\",\"description\":\"Choisir la piscine id\u00e9ale, c\u2019est un peu comme choisir une nouvelle voiture : il faut bien r\u00e9fl\u00e9chir avant de se lancer !\",\"breadcrumb\":{\"@id\":\"https:\\\/\\\/piscine-exterieure.com\\\/pt\\\/escolher-a-sua-piscina\\\/#breadcrumb\"},\"inLanguage\":\"de\",\"potentialAction\":[{\"@type\":\"ReadAction\",\"target\":[\"https:\\\/\\\/piscine-exterieure.com\\\/pt\\\/escolher-a-sua-piscina\\\/\"]}]},{\"@type\":\"BreadcrumbList\",\"@id\":\"https:\\\/\\\/piscine-exterieure.com\\\/pt\\\/escolher-a-sua-piscina\\\/#breadcrumb\",\"itemListElement\":[{\"@type\":\"ListItem\",\"position\":1,\"name\":\"Accueil\",\"item\":\"https:\\\/\\\/piscine-exterieure.com\\\/\"},{\"@type\":\"ListItem\",\"position\":2,\"name\":\"Quel mat\u00e9riau choisir pour sa piscine ?\"}]},{\"@type\":\"WebSite\",\"@id\":\"https:\\\/\\\/piscine-exterieure.com\\\/#website\",\"url\":\"https:\\\/\\\/piscine-exterieure.com\\\/\",\"name\":\"Guide des piscines ext\u00e9rieures\",\"description\":\"\",\"publisher\":{\"@id\":\"https:\\\/\\\/piscine-exterieure.com\\\/#organization\"},\"potentialAction\":[{\"@type\":\"SearchAction\",\"target\":{\"@type\":\"EntryPoint\",\"urlTemplate\":\"https:\\\/\\\/piscine-exterieure.com\\\/?s={search_term_string}\"},\"query-input\":{\"@type\":\"PropertyValueSpecification\",\"valueRequired\":true,\"valueName\":\"search_term_string\"}}],\"inLanguage\":\"de\"},{\"@type\":\"Organization\",\"@id\":\"https:\\\/\\\/piscine-exterieure.com\\\/#organization\",\"name\":\"Guide des piscines ext\u00e9rieures\",\"url\":\"https:\\\/\\\/piscine-exterieure.com\\\/\",\"logo\":{\"@type\":\"ImageObject\",\"inLanguage\":\"de\",\"@id\":\"https:\\\/\\\/piscine-exterieure.com\\\/#\\\/schema\\\/logo\\\/image\\\/\",\"url\":\"https:\\\/\\\/piscine-exterieure.com\\\/wp-content\\\/uploads\\\/2024\\\/08\\\/cropped-Site-Piscine-Exterieure.webp\",\"contentUrl\":\"https:\\\/\\\/piscine-exterieure.com\\\/wp-content\\\/uploads\\\/2024\\\/08\\\/cropped-Site-Piscine-Exterieure.webp\",\"width\":253,\"height\":123,\"caption\":\"Guide des piscines ext\u00e9rieures\"},\"image\":{\"@id\":\"https:\\\/\\\/piscine-exterieure.com\\\/#\\\/schema\\\/logo\\\/image\\\/\"},\"sameAs\":[\"https:\\\/\\\/www.facebook.com\\\/profile.php?id=61563576004909\",\"https:\\\/\\\/www.tiktok.com\\\/@piscine_exterieure\",\"https:\\\/\\\/www.youtube.com\\\/channel\\\/UCuQfJxfPxOrAeyx_qOBFupg\"]}]}<\/script>\n<!-- \/ Yoast SEO plugin. -->","yoast_head_json":{"title":"Swimmingpool aus Holz, Beton, Bausatz, Schale, Stahl... Wie w\u00e4hle ich?","description":"Die Wahl des idealen Pools ist ein bisschen wie die Wahl eines neuen Autos: Man muss gut \u00fcberlegen, bevor man loslegt!","robots":{"index":"index","follow":"follow","max-snippet":"max-snippet:-1","max-image-preview":"max-image-preview:large","max-video-preview":"max-video-preview:-1"},"canonical":"https:\/\/piscine-exterieure.com\/de\/seinen-pool-auswahlen\/","og_locale":"de_DE","og_type":"article","og_title":"Piscine bois, b\u00e9ton, kit, coque, acier\u2026 Comment choisir ?","og_description":"Choisir la piscine id\u00e9ale, c\u2019est un peu comme choisir une nouvelle voiture : il faut bien r\u00e9fl\u00e9chir avant de se lancer !","og_url":"https:\/\/piscine-exterieure.com\/de\/seinen-pool-auswahlen\/","og_site_name":"Guide des piscines ext\u00e9rieures","article_publisher":"https:\/\/www.facebook.com\/profile.php?id=61563576004909","article_modified_time":"2024-08-16T08:26:41+00:00","og_image":[{"width":1280,"height":720,"url":"https:\/\/piscine-exterieure.com\/wp-content\/uploads\/2024\/07\/Piscine-construction.webp","type":"image\/webp"}],"twitter_card":"summary_large_image","twitter_misc":{"Gesch\u00e4tzte Lesezeit":"4\u00a0Minuten"},"schema":{"@context":"https:\/\/schema.org","@graph":[{"@type":"WebPage","@id":"https:\/\/piscine-exterieure.com\/pt\/escolher-a-sua-piscina\/","url":"https:\/\/piscine-exterieure.com\/pt\/escolher-a-sua-piscina\/","name":"Swimmingpool aus Holz, Beton, Bausatz, Schale, Stahl... Wie w\u00e4hle ich?","isPartOf":{"@id":"https:\/\/piscine-exterieure.com\/#website"},"datePublished":"2024-07-31T08:53:25+00:00","dateModified":"2024-08-16T08:26:41+00:00","description":"Die Wahl des idealen Pools ist ein bisschen wie die Wahl eines neuen Autos: Man muss gut \u00fcberlegen, bevor man loslegt!","breadcrumb":{"@id":"https:\/\/piscine-exterieure.com\/pt\/escolher-a-sua-piscina\/#breadcrumb"},"inLanguage":"de","potentialAction":[{"@type":"ReadAction","target":["https:\/\/piscine-exterieure.com\/pt\/escolher-a-sua-piscina\/"]}]},{"@type":"BreadcrumbList","@id":"https:\/\/piscine-exterieure.com\/pt\/escolher-a-sua-piscina\/#breadcrumb","itemListElement":[{"@type":"ListItem","position":1,"name":"Accueil","item":"https:\/\/piscine-exterieure.com\/"},{"@type":"ListItem","position":2,"name":"Quel mat\u00e9riau choisir pour sa piscine ?"}]},{"@type":"WebSite","@id":"https:\/\/piscine-exterieure.com\/#website","url":"https:\/\/piscine-exterieure.com\/","name":"Ratgeber f\u00fcr Freib\u00e4der","description":"","publisher":{"@id":"https:\/\/piscine-exterieure.com\/#organization"},"potentialAction":[{"@type":"SearchAction","target":{"@type":"EntryPoint","urlTemplate":"https:\/\/piscine-exterieure.com\/?s={search_term_string}"},"query-input":{"@type":"PropertyValueSpecification","valueRequired":true,"valueName":"search_term_string"}}],"inLanguage":"de"},{"@type":"Organization","@id":"https:\/\/piscine-exterieure.com\/#organization","name":"Ratgeber f\u00fcr Freib\u00e4der","url":"https:\/\/piscine-exterieure.com\/","logo":{"@type":"ImageObject","inLanguage":"de","@id":"https:\/\/piscine-exterieure.com\/#\/schema\/logo\/image\/","url":"https:\/\/piscine-exterieure.com\/wp-content\/uploads\/2024\/08\/cropped-Site-Piscine-Exterieure.webp","contentUrl":"https:\/\/piscine-exterieure.com\/wp-content\/uploads\/2024\/08\/cropped-Site-Piscine-Exterieure.webp","width":253,"height":123,"caption":"Guide des piscines ext\u00e9rieures"},"image":{"@id":"https:\/\/piscine-exterieure.com\/#\/schema\/logo\/image\/"},"sameAs":["https:\/\/www.facebook.com\/profile.php?id=61563576004909","https:\/\/www.tiktok.com\/@piscine_exterieure","https:\/\/www.youtube.com\/channel\/UCuQfJxfPxOrAeyx_qOBFupg"]}]}},"_links":{"self":[{"href":"https:\/\/piscine-exterieure.com\/de\/wp-json\/wp\/v2\/pages\/2335","targetHints":{"allow":["GET"]}}],"collection":[{"href":"https:\/\/piscine-exterieure.com\/de\/wp-json\/wp\/v2\/pages"}],"about":[{"href":"https:\/\/piscine-exterieure.com\/de\/wp-json\/wp\/v2\/types\/page"}],"author":[{"embeddable":true,"href":"https:\/\/piscine-exterieure.com\/de\/wp-json\/wp\/v2\/users\/1"}],"replies":[{"embeddable":true,"href":"https:\/\/piscine-exterieure.com\/de\/wp-json\/wp\/v2\/comments?post=2335"}],"version-history":[{"count":6,"href":"https:\/\/piscine-exterieure.com\/de\/wp-json\/wp\/v2\/pages\/2335\/revisions"}],"predecessor-version":[{"id":2566,"href":"https:\/\/piscine-exterieure.com\/de\/wp-json\/wp\/v2\/pages\/2335\/revisions\/2566"}],"wp:attachment":[{"href":"https:\/\/piscine-exterieure.com\/de\/wp-json\/wp\/v2\/media?parent=2335"}],"curies":[{"name":"wp","href":"https:\/\/api.w.org\/{rel}","templated":true}]}}